{"id":621,"date":"2015-02-14T00:00:00","date_gmt":"2015-02-13T22:00:00","guid":{"rendered":"http:\/\/nexus_themes\/musicschool\/2015\/02\/14\/3-5-years-old\/"},"modified":"2015-02-14T00:00:00","modified_gmt":"2015-02-13T22:00:00","slug":"luokanopet","status":"publish","type":"page","link":"https:\/\/musapekka.fi\/?page_id=621","title":{"rendered":"B\u00e4ndisoittimet tutuiksi luokanopettajille"},"content":{"rendered":"\n<ul class=\"wp-block-list\"><li>Haluaisitko tiet\u00e4\u00e4 tai saada ideoita, miten saat koulub\u00e4ndin soimaan tai miten tehd\u00e4 svengaavia ja helppoja sovituksia koululauluista tai hittibiiseist\u00e4.Luokanopettajille r\u00e4\u00e4t\u00e4l\u00f6idyn koulutuksen tarkoituksena on saada ideoita ja keinoja koulusovitusten tekemiseen, oppia toimivia komppeja eri soittimille sek\u00e4 p\u00e4\u00e4st\u00e4 kokeilemaan n\u00e4it\u00e4 asioita\u00a0kollegoiden kanssa yhdess\u00e4 soittamalla.Koulutusta voidaan j\u00e4rjest\u00e4\u00e4 ymp\u00e4ri Suomea! Koulutus voidaan hyv\u00e4ksy\u00e4 my\u00f6s VESO-koulutukseksi. Mik\u00e4li koulutus j\u00e4rjestet\u00e4\u00e4n Joensuun ulkopuolella, tarvitaan sopiva tila esim. musiikkiluokka varustettuna tarpeellisilla soittimilla.Kesto: 2 x 6 h<br>Hinta: 150 \u20ac \/osallistuja sis\u00e4lt\u00e4en aamukahvin ja kurssitodistuksen. (V\u00e4hint\u00e4\u00e4n 4 osallistujaa)<br>Omakustanteinen lounas.<br>Mik\u00e4li koulutus j\u00e4rjestet\u00e4\u00e4n muualla kuin Joensuussa hintaan lis\u00e4t\u00e4\u00e4n matkakorvaukset.<br>Koulutus j\u00e4rjestet\u00e4\u00e4n viikonloppukoulutuksena tai kes\u00e4ll\u00e4.Ker\u00e4\u00e4 asiasta kiinnostunut opeporukka ja kysy lis\u00e4\u00e4 soittamalla tai kirjoittamalla meille.<\/li><\/ul>\n\n\n\n<ul class=\"wp-block-list\"><li><\/li><\/ul>\n\n\n\n<figure class=\"wp-block-image size-large\"><img decoding=\"async\" src=\"https:\/\/www.musapekka.fi\/wp-content\/uploads\/2018\/04\/opet-rokkaa4-2.jpg\" alt=\"\" class=\"wp-image-1273\"\/><\/figure>\n","protected":false},"excerpt":{"rendered":"<p>Haluaisitko tiet\u00e4\u00e4 tai saada ideoita, miten saat koulub\u00e4ndin soimaan tai miten tehd\u00e4 svengaavia ja helppoja sovituksia koululauluista tai hittibiiseist\u00e4.Luokanopettajille r\u00e4\u00e4t\u00e4l\u00f6idyn koulutuksen tarkoituksena on saada ideoita ja keinoja koulusovitusten tekemiseen, oppia toimivia komppeja eri soittimille sek\u00e4 p\u00e4\u00e4st\u00e4 kokeilemaan n\u00e4it\u00e4 asioita\u00a0kollegoiden kanssa yhdess\u00e4 soittamalla.Koulutusta voidaan j\u00e4rjest\u00e4\u00e4&#8230;<\/p>\n","protected":false},"author":1,"featured_media":0,"parent":0,"menu_order":0,"comment_status":"closed","ping_status":"closed","template":"template-full.php","meta":{"footnotes":""},"class_list":["post-621","page","type-page","status-publish","hentry"],"yoast_head":"<!-- This site is optimized with the Yoast SEO plugin v25.9 - https:\/\/yoast.com\/wordpress\/plugins\/seo\/ -->\n<title>B\u00e4ndisoittimet tutuiksi luokanopettajille - Musapekka<\/title>\n<meta name=\"robots\" content=\"index, follow, max-snippet:-1, max-image-preview:large, max-video-preview:-1\" \/>\n<link rel=\"canonical\" href=\"https:\/\/musapekka.fi\/?page_id=621\" \/>\n<meta property=\"og:locale\" content=\"fi_FI\" \/>\n<meta property=\"og:type\" content=\"article\" \/>\n<meta property=\"og:title\" content=\"B\u00e4ndisoittimet tutuiksi luokanopettajille - Musapekka\" \/>\n<meta property=\"og:description\" content=\"Haluaisitko tiet\u00e4\u00e4 tai saada ideoita, miten saat koulub\u00e4ndin soimaan tai miten tehd\u00e4 svengaavia ja helppoja sovituksia koululauluista tai hittibiiseist\u00e4.Luokanopettajille r\u00e4\u00e4t\u00e4l\u00f6idyn koulutuksen tarkoituksena on saada ideoita ja keinoja koulusovitusten tekemiseen, oppia toimivia komppeja eri soittimille sek\u00e4 p\u00e4\u00e4st\u00e4 kokeilemaan n\u00e4it\u00e4 asioita\u00a0kollegoiden kanssa yhdess\u00e4 soittamalla.Koulutusta voidaan j\u00e4rjest\u00e4\u00e4...\" \/>\n<meta property=\"og:url\" content=\"https:\/\/musapekka.fi\/?page_id=621\" \/>\n<meta property=\"og:site_name\" content=\"Musapekka\" \/>\n<meta property=\"og:image\" content=\"https:\/\/www.musapekka.fi\/wp-content\/uploads\/2018\/04\/opet-rokkaa4-2.jpg\" \/>\n<meta name=\"twitter:card\" content=\"summary_large_image\" \/>\n<meta name=\"twitter:label1\" content=\"Arvioitu lukuaika\" \/>\n\t<meta name=\"twitter:data1\" content=\"1 minuutti\" \/>\n<script type=\"application\/ld+json\" class=\"yoast-schema-graph\">{\"@context\":\"https:\/\/schema.org\",\"@graph\":[{\"@type\":\"WebPage\",\"@id\":\"https:\/\/musapekka.fi\/?page_id=621\",\"url\":\"https:\/\/musapekka.fi\/?page_id=621\",\"name\":\"B\u00e4ndisoittimet tutuiksi luokanopettajille - Musapekka\",\"isPartOf\":{\"@id\":\"https:\/\/musapekka.fi\/#website\"},\"primaryImageOfPage\":{\"@id\":\"https:\/\/musapekka.fi\/?page_id=621#primaryimage\"},\"image\":{\"@id\":\"https:\/\/musapekka.fi\/?page_id=621#primaryimage\"},\"thumbnailUrl\":\"https:\/\/www.musapekka.fi\/wp-content\/uploads\/2018\/04\/opet-rokkaa4-2.jpg\",\"datePublished\":\"2015-02-13T22:00:00+00:00\",\"breadcrumb\":{\"@id\":\"https:\/\/musapekka.fi\/?page_id=621#breadcrumb\"},\"inLanguage\":\"fi\",\"potentialAction\":[{\"@type\":\"ReadAction\",\"target\":[\"https:\/\/musapekka.fi\/?page_id=621\"]}]},{\"@type\":\"ImageObject\",\"inLanguage\":\"fi\",\"@id\":\"https:\/\/musapekka.fi\/?page_id=621#primaryimage\",\"url\":\"https:\/\/www.musapekka.fi\/wp-content\/uploads\/2018\/04\/opet-rokkaa4-2.jpg\",\"contentUrl\":\"https:\/\/www.musapekka.fi\/wp-content\/uploads\/2018\/04\/opet-rokkaa4-2.jpg\"},{\"@type\":\"BreadcrumbList\",\"@id\":\"https:\/\/musapekka.fi\/?page_id=621#breadcrumb\",\"itemListElement\":[{\"@type\":\"ListItem\",\"position\":1,\"name\":\"Etusivu\",\"item\":\"https:\/\/musapekka.fi\/\"},{\"@type\":\"ListItem\",\"position\":2,\"name\":\"B\u00e4ndisoittimet tutuiksi luokanopettajille\"}]},{\"@type\":\"WebSite\",\"@id\":\"https:\/\/musapekka.fi\/#website\",\"url\":\"https:\/\/musapekka.fi\/\",\"name\":\"Musapekka\",\"description\":\"Musiikin opetusta joensuussa\",\"publisher\":{\"@id\":\"https:\/\/musapekka.fi\/#organization\"},\"potentialAction\":[{\"@type\":\"SearchAction\",\"target\":{\"@type\":\"EntryPoint\",\"urlTemplate\":\"https:\/\/musapekka.fi\/?s={search_term_string}\"},\"query-input\":{\"@type\":\"PropertyValueSpecification\",\"valueRequired\":true,\"valueName\":\"search_term_string\"}}],\"inLanguage\":\"fi\"},{\"@type\":\"Organization\",\"@id\":\"https:\/\/musapekka.fi\/#organization\",\"name\":\"Musapekka\",\"url\":\"https:\/\/musapekka.fi\/\",\"logo\":{\"@type\":\"ImageObject\",\"inLanguage\":\"fi\",\"@id\":\"https:\/\/musapekka.fi\/#\/schema\/logo\/image\/\",\"url\":\"https:\/\/musapekka.fi\/wp-content\/uploads\/2023\/08\/cropped-LogoMusa-Pekka.png\",\"contentUrl\":\"https:\/\/musapekka.fi\/wp-content\/uploads\/2023\/08\/cropped-LogoMusa-Pekka.png\",\"width\":500,\"height\":225,\"caption\":\"Musapekka\"},\"image\":{\"@id\":\"https:\/\/musapekka.fi\/#\/schema\/logo\/image\/\"}}]}<\/script>\n<!-- \/ Yoast SEO plugin. -->","yoast_head_json":{"title":"B\u00e4ndisoittimet tutuiksi luokanopettajille - Musapekka","robots":{"index":"index","follow":"follow","max-snippet":"max-snippet:-1","max-image-preview":"max-image-preview:large","max-video-preview":"max-video-preview:-1"},"canonical":"https:\/\/musapekka.fi\/?page_id=621","og_locale":"fi_FI","og_type":"article","og_title":"B\u00e4ndisoittimet tutuiksi luokanopettajille - Musapekka","og_description":"Haluaisitko tiet\u00e4\u00e4 tai saada ideoita, miten saat koulub\u00e4ndin soimaan tai miten tehd\u00e4 svengaavia ja helppoja sovituksia koululauluista tai hittibiiseist\u00e4.Luokanopettajille r\u00e4\u00e4t\u00e4l\u00f6idyn koulutuksen tarkoituksena on saada ideoita ja keinoja koulusovitusten tekemiseen, oppia toimivia komppeja eri soittimille sek\u00e4 p\u00e4\u00e4st\u00e4 kokeilemaan n\u00e4it\u00e4 asioita\u00a0kollegoiden kanssa yhdess\u00e4 soittamalla.Koulutusta voidaan j\u00e4rjest\u00e4\u00e4...","og_url":"https:\/\/musapekka.fi\/?page_id=621","og_site_name":"Musapekka","og_image":[{"url":"https:\/\/www.musapekka.fi\/wp-content\/uploads\/2018\/04\/opet-rokkaa4-2.jpg","type":"","width":"","height":""}],"twitter_card":"summary_large_image","twitter_misc":{"Arvioitu lukuaika":"1 minuutti"},"schema":{"@context":"https:\/\/schema.org","@graph":[{"@type":"WebPage","@id":"https:\/\/musapekka.fi\/?page_id=621","url":"https:\/\/musapekka.fi\/?page_id=621","name":"B\u00e4ndisoittimet tutuiksi luokanopettajille - Musapekka","isPartOf":{"@id":"https:\/\/musapekka.fi\/#website"},"primaryImageOfPage":{"@id":"https:\/\/musapekka.fi\/?page_id=621#primaryimage"},"image":{"@id":"https:\/\/musapekka.fi\/?page_id=621#primaryimage"},"thumbnailUrl":"https:\/\/www.musapekka.fi\/wp-content\/uploads\/2018\/04\/opet-rokkaa4-2.jpg","datePublished":"2015-02-13T22:00:00+00:00","breadcrumb":{"@id":"https:\/\/musapekka.fi\/?page_id=621#breadcrumb"},"inLanguage":"fi","potentialAction":[{"@type":"ReadAction","target":["https:\/\/musapekka.fi\/?page_id=621"]}]},{"@type":"ImageObject","inLanguage":"fi","@id":"https:\/\/musapekka.fi\/?page_id=621#primaryimage","url":"https:\/\/www.musapekka.fi\/wp-content\/uploads\/2018\/04\/opet-rokkaa4-2.jpg","contentUrl":"https:\/\/www.musapekka.fi\/wp-content\/uploads\/2018\/04\/opet-rokkaa4-2.jpg"},{"@type":"BreadcrumbList","@id":"https:\/\/musapekka.fi\/?page_id=621#breadcrumb","itemListElement":[{"@type":"ListItem","position":1,"name":"Etusivu","item":"https:\/\/musapekka.fi\/"},{"@type":"ListItem","position":2,"name":"B\u00e4ndisoittimet tutuiksi luokanopettajille"}]},{"@type":"WebSite","@id":"https:\/\/musapekka.fi\/#website","url":"https:\/\/musapekka.fi\/","name":"Musapekka","description":"Musiikin opetusta joensuussa","publisher":{"@id":"https:\/\/musapekka.fi\/#organization"},"potentialAction":[{"@type":"SearchAction","target":{"@type":"EntryPoint","urlTemplate":"https:\/\/musapekka.fi\/?s={search_term_string}"},"query-input":{"@type":"PropertyValueSpecification","valueRequired":true,"valueName":"search_term_string"}}],"inLanguage":"fi"},{"@type":"Organization","@id":"https:\/\/musapekka.fi\/#organization","name":"Musapekka","url":"https:\/\/musapekka.fi\/","logo":{"@type":"ImageObject","inLanguage":"fi","@id":"https:\/\/musapekka.fi\/#\/schema\/logo\/image\/","url":"https:\/\/musapekka.fi\/wp-content\/uploads\/2023\/08\/cropped-LogoMusa-Pekka.png","contentUrl":"https:\/\/musapekka.fi\/wp-content\/uploads\/2023\/08\/cropped-LogoMusa-Pekka.png","width":500,"height":225,"caption":"Musapekka"},"image":{"@id":"https:\/\/musapekka.fi\/#\/schema\/logo\/image\/"}}]}},"_links":{"self":[{"href":"https:\/\/musapekka.fi\/index.php?rest_route=\/wp\/v2\/pages\/621","targetHints":{"allow":["GET"]}}],"collection":[{"href":"https:\/\/musapekka.fi\/index.php?rest_route=\/wp\/v2\/pages"}],"about":[{"href":"https:\/\/musapekka.fi\/index.php?rest_route=\/wp\/v2\/types\/page"}],"author":[{"embeddable":true,"href":"https:\/\/musapekka.fi\/index.php?rest_route=\/wp\/v2\/users\/1"}],"replies":[{"embeddable":true,"href":"https:\/\/musapekka.fi\/index.php?rest_route=%2Fwp%2Fv2%2Fcomments&post=621"}],"version-history":[{"count":0,"href":"https:\/\/musapekka.fi\/index.php?rest_route=\/wp\/v2\/pages\/621\/revisions"}],"wp:attachment":[{"href":"https:\/\/musapekka.fi\/index.php?rest_route=%2Fwp%2Fv2%2Fmedia&parent=621"}],"curies":[{"name":"wp","href":"https:\/\/api.w.org\/{rel}","templated":true}]}}