{"id":612,"date":"2015-02-14T00:00:00","date_gmt":"2015-02-14T20:57:13","guid":{"rendered":"http:\/\/nexus_themes\/musicschool\/2015\/02\/14\/faq\/"},"modified":"2025-06-10T19:52:32","modified_gmt":"2025-06-10T19:52:32","slug":"hinnat","status":"publish","type":"page","link":"https:\/\/musapekka.fi\/?page_id=612","title":{"rendered":"Hinnat"},"content":{"rendered":"\t\t<div data-elementor-type=\"wp-page\" data-elementor-id=\"612\" class=\"elementor elementor-612\">\n\t\t\t\t\t\t<section class=\"elementor-section elementor-top-section elementor-element elementor-element-2e6ad52d elementor-section-boxed elementor-section-height-default elementor-section-height-default\" data-id=\"2e6ad52d\" data-element_type=\"section\">\n\t\t\t\t\t\t<div class=\"elementor-container elementor-column-gap-default\">\n\t\t\t\t\t<div class=\"elementor-column elementor-col-100 elementor-top-column elementor-element elementor-element-392bbaf8\" data-id=\"392bbaf8\" data-element_type=\"column\">\n\t\t\t<div class=\"elementor-widget-wrap elementor-element-populated\">\n\t\t\t\t\t\t<div class=\"elementor-element elementor-element-84354db elementor-widget elementor-widget-text-editor\" data-id=\"84354db\" data-element_type=\"widget\" data-widget_type=\"text-editor.default\">\n\t\t\t\t<div class=\"elementor-widget-container\">\n\t\t\t\t\t\t\t\t\t<h2 data-start=\"322\" data-end=\"386\">\ud83c\udfbc Soiton- ja laulunopetuksen hinnasto Joensuussa \u2013 MusaPekka<\/h2>\n<p data-start=\"388\" data-end=\"691\">Etsitk\u00f6\u00a0<strong data-start=\"423\" data-end=\"463\">soiton- ja laulunopetusta Joensuussa<\/strong>? MusaPekassa tarjoamme yksil\u00f6llist\u00e4 musiikkiopetusta kaikenik\u00e4isille \u2013 ilman p\u00e4\u00e4sykokeita tai sitovia lukukausisopimuksia.\u00a0<span style=\"font-size: 1em;\">Alla l\u00f6yd\u00e4t <\/span><strong style=\"font-size: 1em;\" data-start=\"599\" data-end=\"628\">ajankohtaisen hinnastomme<\/strong><span style=\"font-size: 1em;\"> sek\u00e4 tiedot maksutavoista ja vuokrattavista harjoitustiloista.<\/span><\/p>\n<p data-start=\"894\" data-end=\"944\"><span style=\"color: #000000;\">Opetusta annetaan mm. seuraavissa instrumenteissa:<\/span><\/p>\n<p data-start=\"894\" data-end=\"944\"><span style=\"font-size: 1em;\">Piano, kitara, viulu, basso, ukulele<\/span><\/p>\n<p data-start=\"894\" data-end=\"944\"><span style=\"font-size: 1em;\">Laulu, rummut, huilu, saksofoni<\/span><\/p>\n<p data-start=\"1021\" data-end=\"1106\"><span style=\"font-size: 1em;\">Soiton- ja laulunopetusta Joensuussa tarjoamme ilman p\u00e4\u00e4sykokeita.\u00a0<\/span><span style=\"color: #000000;\">Voit aloittaa opetuksen miss\u00e4 vaiheessa vuotta tahansa \u2013 <strong data-start=\"1078\" data-end=\"1105\">sitoutumispakkoa ei ole<\/strong>.<\/span><\/p>\t\t\t\t\t\t\t\t<\/div>\n\t\t\t\t<\/div>\n\t\t\t\t<div class=\"elementor-element elementor-element-b6a07c5 elementor-widget elementor-widget-heading\" data-id=\"b6a07c5\" data-element_type=\"widget\" data-widget_type=\"heading.default\">\n\t\t\t\t<div class=\"elementor-widget-container\">\n\t\t\t\t\t<h2 class=\"elementor-heading-title elementor-size-default\"><h3 data-start=\"693\" data-end=\"723\" style=\"text-align: center\">\ud83c\udfb9 Opetuksen hinnat (2025)<\/h3><div><br><\/div><p data-start=\"388\" data-end=\"691\" style=\"font-size: 16px;font-weight: 400;letter-spacing: normal\"><\/p><\/h2>\t\t\t\t<\/div>\n\t\t\t\t<\/div>\n\t\t\t\t<div class=\"elementor-element elementor-element-476b9c3 elementor-widget elementor-widget-toggle\" data-id=\"476b9c3\" data-element_type=\"widget\" data-widget_type=\"toggle.default\">\n\t\t\t\t<div class=\"elementor-widget-container\">\n\t\t\t\t\t\t\t<div class=\"elementor-toggle\">\n\t\t\t\t\t\t\t<div class=\"elementor-toggle-item\">\n\t\t\t\t\t<div id=\"elementor-tab-title-7481\" class=\"elementor-tab-title\" data-tab=\"1\" role=\"button\" aria-controls=\"elementor-tab-content-7481\" aria-expanded=\"false\">\n\t\t\t\t\t\t\t\t\t\t\t\t<span class=\"elementor-toggle-icon elementor-toggle-icon-left\" aria-hidden=\"true\">\n\t\t\t\t\t\t\t\t\t\t\t\t\t\t\t<span class=\"elementor-toggle-icon-closed\"><i class=\"fas fa-caret-right\"><\/i><\/span>\n\t\t\t\t\t\t\t\t<span class=\"elementor-toggle-icon-opened\"><i class=\"elementor-toggle-icon-opened fas fa-caret-up\"><\/i><\/span>\n\t\t\t\t\t\t\t\t\t\t\t\t\t<\/span>\n\t\t\t\t\t\t\t\t\t\t\t\t<a class=\"elementor-toggle-title\" tabindex=\"0\">Kes\u00e4kausi 132 \u20ac<\/a>\n\t\t\t\t\t<\/div>\n\n\t\t\t\t\t<div id=\"elementor-tab-content-7481\" class=\"elementor-tab-content elementor-clearfix\" data-tab=\"1\" role=\"region\" aria-labelledby=\"elementor-tab-title-7481\"><h6><span style=\"color: #000000;\">Yksil\u00f6tunti<\/span><\/h6>\n<p><span style=\"color: #000000;\">4 kertaa (1 kk) 30 min <strong>132 \u20ac<\/strong> \/ oppilas<\/span><\/p>\n<p><span style=\"color: #000000;\">8 kertaa 30 min <strong>264 \u20ac <\/strong>\/ oppilas<\/span><\/p>\n<p><span style=\"color: #000000;\">4 kertaa 45 min<strong> 189 \u20ac<\/strong>\u00a0\/ oppilas<\/span><\/p>\n<p><span style=\"color: #000000;\">8 kertaa 45 min<strong> 396 \u20ac<\/strong>\u00a0\/ oppilas<\/span><\/p>\n<h6><span style=\"color: #000000;\">Pienryhm\u00e4opetus 3-5 hl\u00f6 sovittavissa erikseen<\/span><\/h6><\/div>\n\t\t\t\t<\/div>\n\t\t\t\t\t\t\t<div class=\"elementor-toggle-item\">\n\t\t\t\t\t<div id=\"elementor-tab-title-7482\" class=\"elementor-tab-title\" data-tab=\"2\" role=\"button\" aria-controls=\"elementor-tab-content-7482\" aria-expanded=\"false\">\n\t\t\t\t\t\t\t\t\t\t\t\t<span class=\"elementor-toggle-icon elementor-toggle-icon-left\" aria-hidden=\"true\">\n\t\t\t\t\t\t\t\t\t\t\t\t\t\t\t<span class=\"elementor-toggle-icon-closed\"><i class=\"fas fa-caret-right\"><\/i><\/span>\n\t\t\t\t\t\t\t\t<span class=\"elementor-toggle-icon-opened\"><i class=\"elementor-toggle-icon-opened fas fa-caret-up\"><\/i><\/span>\n\t\t\t\t\t\t\t\t\t\t\t\t\t<\/span>\n\t\t\t\t\t\t\t\t\t\t\t\t<a class=\"elementor-toggle-title\" tabindex=\"0\">Syys- ja kev\u00e4tlukukausi 468 \u20ac<\/a>\n\t\t\t\t\t<\/div>\n\n\t\t\t\t\t<div id=\"elementor-tab-content-7482\" class=\"elementor-tab-content elementor-clearfix\" data-tab=\"2\" role=\"region\" aria-labelledby=\"elementor-tab-title-7482\"><h6><span style=\"color: #000000;\">Yksil\u00f6tunti<\/span><\/h6>\n<p><span style=\"color: #000000;\">14 kertaa 30 min <strong>468 \u20ac \/ oppilas<\/strong><\/span><\/p>\n<p><span style=\"color: #000000;\">14 kertaa 45 min<strong> 698 \u20ac<\/strong>\u00a0\/ oppilas<\/span><\/p>\n<h6><span style=\"color: #000000;\">Pienryhm\u00e4tunti, min 3 hl\u00f6 sovittavissa erikseen.<\/span><\/h6><\/div>\n\t\t\t\t<\/div>\n\t\t\t\t\t\t\t<div class=\"elementor-toggle-item\">\n\t\t\t\t\t<div id=\"elementor-tab-title-7483\" class=\"elementor-tab-title\" data-tab=\"3\" role=\"button\" aria-controls=\"elementor-tab-content-7483\" aria-expanded=\"false\">\n\t\t\t\t\t\t\t\t\t\t\t\t<span class=\"elementor-toggle-icon elementor-toggle-icon-left\" aria-hidden=\"true\">\n\t\t\t\t\t\t\t\t\t\t\t\t\t\t\t<span class=\"elementor-toggle-icon-closed\"><i class=\"fas fa-caret-right\"><\/i><\/span>\n\t\t\t\t\t\t\t\t<span class=\"elementor-toggle-icon-opened\"><i class=\"elementor-toggle-icon-opened fas fa-caret-up\"><\/i><\/span>\n\t\t\t\t\t\t\t\t\t\t\t\t\t<\/span>\n\t\t\t\t\t\t\t\t\t\t\t\t<a class=\"elementor-toggle-title\" tabindex=\"0\">Tutustumispaketti 169 \u20ac<\/a>\n\t\t\t\t\t<\/div>\n\n\t\t\t\t\t<div id=\"elementor-tab-content-7483\" class=\"elementor-tab-content elementor-clearfix\" data-tab=\"3\" role=\"region\" aria-labelledby=\"elementor-tab-title-7483\"><h6><span style=\"color: #000000;\">Yksil\u00f6tunti<\/span><\/h6>\n<p><span style=\"color: #000000;\">5 kertaa 30 min\u00a0<strong>169 \u20ac \/ oppilas<\/strong><\/span><\/p>\n<p><span style=\"color: #000000;\">5 kertaa 45 min<strong> 253 \u20ac<\/strong>\u00a0\/ oppilas<\/span><\/p><\/div>\n\t\t\t\t<\/div>\n\t\t\t\t\t\t\t<div class=\"elementor-toggle-item\">\n\t\t\t\t\t<div id=\"elementor-tab-title-7484\" class=\"elementor-tab-title\" data-tab=\"4\" role=\"button\" aria-controls=\"elementor-tab-content-7484\" aria-expanded=\"false\">\n\t\t\t\t\t\t\t\t\t\t\t\t<span class=\"elementor-toggle-icon elementor-toggle-icon-left\" aria-hidden=\"true\">\n\t\t\t\t\t\t\t\t\t\t\t\t\t\t\t<span class=\"elementor-toggle-icon-closed\"><i class=\"fas fa-caret-right\"><\/i><\/span>\n\t\t\t\t\t\t\t\t<span class=\"elementor-toggle-icon-opened\"><i class=\"elementor-toggle-icon-opened fas fa-caret-up\"><\/i><\/span>\n\t\t\t\t\t\t\t\t\t\t\t\t\t<\/span>\n\t\t\t\t\t\t\t\t\t\t\t\t<a class=\"elementor-toggle-title\" tabindex=\"0\">B\u00e4nditilojen vuokrahinnat 59 \u20ac<\/a>\n\t\t\t\t\t<\/div>\n\n\t\t\t\t\t<div id=\"elementor-tab-content-7484\" class=\"elementor-tab-content elementor-clearfix\" data-tab=\"4\" role=\"region\" aria-labelledby=\"elementor-tab-title-7484\"><p><span style=\"font-family: var( --e-global-typography-text-font-family ), Sans-serif; font-weight: var( --e-global-typography-text-font-weight ); font-size: 1em; color: #000000;\">Yhden hengen harjoittelutila. Varukset yhteisen kalenterin mukaan. Ei tuntirajaa.\u00a0<\/span><span style=\"font-family: var( --e-global-typography-text-font-family ), Sans-serif; font-size: 1em; font-weight: bold; color: #000000;\">59\u20ac\/kk.<\/span><\/p>\n<p>\u00a0<\/p>\n<p><span style=\"color: #000000;\">Valmiiksi kalustettu b\u00e4nditila. Tilassa kattavasti b\u00e4ndisoittimet, vahvistimet, mikrofonit, pieni PA, Tietokone ja tulostin. 1 vuoro viikossa, <b>89\u20ac\/kk<\/b>\u00a0<\/span><\/p>\n<p><span style=\"color: #000000;\">B\u00e4nditila, paikka omille soittimille.\u00a0<span style=\"font-weight: bold;\">185\u20ac\/kk.<\/span><\/span><\/p>\n<p>\u00a0<\/p><\/div>\n\t\t\t\t<\/div>\n\t\t\t\t\t\t\t\t<\/div>\n\t\t\t\t\t\t<\/div>\n\t\t\t\t<\/div>\n\t\t\t\t<div class=\"elementor-element elementor-element-9b71cb4 elementor-widget elementor-widget-image\" data-id=\"9b71cb4\" data-element_type=\"widget\" data-widget_type=\"image.default\">\n\t\t\t\t<div class=\"elementor-widget-container\">\n\t\t\t\t\t\t\t\t\t\t\t\t\t\t\t<img fetchpriority=\"high\" decoding=\"async\" width=\"300\" height=\"300\" src=\"https:\/\/musapekka.fi\/wp-content\/uploads\/2023\/08\/LogoMusa-Pekka-300x300.png\" class=\"attachment-medium size-medium wp-image-13236\" alt=\"Soiton- ja laulunopetuksen hinnasto Joensuussa Musa-Pekassa\" srcset=\"https:\/\/musapekka.fi\/wp-content\/uploads\/2023\/08\/LogoMusa-Pekka-300x300.png 300w, https:\/\/musapekka.fi\/wp-content\/uploads\/2023\/08\/LogoMusa-Pekka-150x150.png 150w, https:\/\/musapekka.fi\/wp-content\/uploads\/2023\/08\/LogoMusa-Pekka-100x100.png 100w, https:\/\/musapekka.fi\/wp-content\/uploads\/2023\/08\/LogoMusa-Pekka.png 500w\" sizes=\"(max-width: 300px) 100vw, 300px\" \/>\t\t\t\t\t\t\t\t\t\t\t\t\t\t\t<\/div>\n\t\t\t\t<\/div>\n\t\t\t\t<div class=\"elementor-element elementor-element-43121cbc elementor-widget elementor-widget-text-editor\" data-id=\"43121cbc\" data-element_type=\"widget\" data-widget_type=\"text-editor.default\">\n\t\t\t\t<div class=\"elementor-widget-container\">\n\t\t\t\t\t\t\t\t\t<pre data-start=\"885\" data-end=\"902\"><span style=\"color: #000000;\">\ud83d\udcb3 Maksutavat<\/span><\/pre>\n<p data-start=\"904\" data-end=\"984\"><span style=\"color: #000000;\">Maksaminen onnistuu <strong data-start=\"924\" data-end=\"939\">my\u00f6s eriss\u00e4<\/strong>, ja tarjoamme useita joustavia vaihtoehtoja:<\/span><\/p>\n<p data-start=\"904\" data-end=\"984\"><strong style=\"font-size: 1em;\" data-start=\"988\" data-end=\"1000\">Laskutus<\/strong><span style=\"font-size: 1em;\"> (kuukausi- tai er\u00e4laskutus sopimuksen mukaan)<\/span><\/p>\n<p data-start=\"904\" data-end=\"984\"><strong style=\"font-size: 1em;\" data-start=\"1051\" data-end=\"1073\">ePassi (kulttuuri)<\/strong><\/p>\n<p data-start=\"904\" data-end=\"984\"><strong style=\"font-size: 1em;\" data-start=\"1078\" data-end=\"1089\">Smartum<\/strong><\/p>\n<p data-start=\"1091\" data-end=\"1260\">\u00a0<\/p>\n<p><span style=\"color: #000000;\"><!-- \/wp:image --><!-- wp:heading --><\/span><\/p>\n<h2><span style=\"color: #000000;\">Yleist\u00e4<\/span><\/h2>\n<p><span style=\"color: #000000;\"><!-- \/wp:heading --><!-- wp:paragraph --><\/span><\/p>\n<p><span style=\"color: #000000;\">Toimintamme perustuu yksinomaan lukukausimaksuihin. Emme saa yhteiskunnan tukea arvokkaaseen toimintaamme. Pyrimme kuitenkin pit\u00e4m\u00e4\u00e4n hintamme mahdollisimman edullisina opetuksen laadusta tinkim\u00e4tt\u00e4. Halutessasi voit maksaa useammassakin er\u00e4ss\u00e4.<\/span><\/p>\n<p><span style=\"color: #000000;\"><!-- \/wp:paragraph --><!-- wp:paragraph --><\/span><\/p>\n<p><span style=\"color: #000000;\">Teemme yhteisty\u00f6t\u00e4 Kimmon soittimen kanssa, jossa asioidessa kannattaa mainita olevansa Musa-Pekan oppilas.<\/span><\/p>\n<p><span style=\"color: #000000;\"><!-- \/wp:paragraph --><!-- wp:paragraph --><\/span><\/p>\n<p><span style=\"color: #000000;\">Ryhm\u00e4opetuksen kurssihinta saattaa jonkin verran nousta, mik\u00e4li ryhm\u00e4opetuksen suluissa oleva oppilaiden m\u00e4\u00e4r\u00e4 ei t\u00e4yty.<\/span><\/p>\n<p><span style=\"color: #000000;\"><!-- \/wp:paragraph --><!-- wp:heading --><\/span><\/p>\n<h2><span style=\"color: #000000;\">Ilmoittautumisen peruminen<\/span><\/h2>\n<p><span style=\"color: #000000;\"><!-- \/wp:heading --><!-- wp:paragraph --><\/span><\/p>\n<p><span style=\"color: #000000;\">Ilmoittautumisen peruminen on maksutonta, mik\u00e4li sen v\u00e4hint\u00e4\u00e4n viikkoa ennen kauden alkua. Mik\u00e4li oppilas peruuttaa ilmoittautumisen em. ajankohdan j\u00e4lkeen tai opintokauden ensimm\u00e4isen kuukauden aikana, perimme 25 \u20ac oppilaspaikan aikatauluttamisesta aiheutuneita kuluja.<\/span><\/p>\n<p><span style=\"color: #000000;\"><!-- \/wp:paragraph --><!-- wp:heading --><\/span><\/p>\n<h2><span style=\"color: #000000;\">Oppituntien pituuksista<\/span><\/h2>\n<p><span style=\"color: #000000;\"><!-- \/wp:heading --><!-- wp:paragraph --><\/span><\/p>\n<p><span style=\"color: #000000;\">Olemme huomanneet k\u00e4yt\u00e4nn\u00f6ss\u00e4, ett\u00e4 varsinkin aloittelijoille 30 minuutin oppitunti on varsin sopiva. Siin\u00e4 ajassa ehtii kerrata vanhaa ja k\u00e4yd\u00e4 l\u00e4pi uutta asiaa. Varsinainen harjoittelu tapahtuu kotona.<\/span><\/p>\n<div><span style=\"font-family: var( --e-global-typography-text-font-family ), Sans-serif; font-weight: var( --e-global-typography-text-font-weight ); font-size: 1em; color: #000000;\">\u00a0<\/span><\/div>\n<div>\n<h3 data-start=\"1557\" data-end=\"1574\">\u2139\ufe0f Lis\u00e4tietoa<\/h3>\n<p data-start=\"1576\" data-end=\"1718\">\ud83d\udccd Toimipisteemme sijaitsee Joensuun keskustassa, osoitteessa Torikatu 30.<br data-start=\"1650\" data-end=\"1653\" \/>\ud83d\udce7 Ota yhteytt\u00e4: <strong data-start=\"1670\" data-end=\"1696\"><a rel=\"noopener\" data-start=\"1672\" data-end=\"1694\">musapekka@musapekka.fi<\/a><\/strong> | \u260e\ufe0f <strong data-start=\"1702\" data-end=\"1718\">050 349 6065<\/strong><\/p>\n<p data-start=\"1576\" data-end=\"1718\">\u00a0<\/p>\n<p data-start=\"1576\" data-end=\"1718\"><span style=\"color: #000000;\">Jos etsit selke\u00e4\u00e4 soiton- ja laulunopetusta Joensuussa, olemme oikea valinta.<\/span><\/p>\n<h2><span style=\"color: #000000;\">Tervetuloa opiskelemaan!<\/span><\/h2>\n<\/div>\n<p><!-- \/wp:heading --><\/p>\t\t\t\t\t\t\t\t<\/div>\n\t\t\t\t<\/div>\n\t\t\t\t\t<\/div>\n\t\t<\/div>\n\t\t\t\t\t<\/div>\n\t\t<\/section>\n\t\t\t\t<\/div>\n\t\t","protected":false},"excerpt":{"rendered":"<p>\ud83c\udfbc Soiton- ja laulunopetuksen hinnasto Joensuussa \u2013 MusaPekka Etsitk\u00f6\u00a0soiton- ja laulunopetusta Joensuussa? MusaPekassa tarjoamme yksil\u00f6llist\u00e4 musiikkiopetusta kaikenik\u00e4isille \u2013 ilman p\u00e4\u00e4sykokeita tai sitovia lukukausisopimuksia.\u00a0Alla l\u00f6yd\u00e4t ajankohtaisen hinnastomme sek\u00e4 tiedot maksutavoista ja vuokrattavista harjoitustiloista. Opetusta annetaan mm. seuraavissa instrumenteissa: Piano, kitara, viulu, basso, ukulele Laulu, rummut,&#8230;<\/p>\n","protected":false},"author":1,"featured_media":0,"parent":0,"menu_order":0,"comment_status":"open","ping_status":"open","template":"template-full.php","meta":{"footnotes":""},"class_list":["post-612","page","type-page","status-publish","hentry"],"yoast_head":"<!-- This site is optimized with the Yoast SEO plugin v25.9 - https:\/\/yoast.com\/wordpress\/plugins\/seo\/ -->\n<title>Hinnat - Musapekka<\/title>\n<meta name=\"description\" content=\"Katso MusaPekan hinnasto ja maksutavat \u2013 soiton- ja laulunopetusta Joensuussa ilman p\u00e4\u00e4sykokeita. Maksu onnistuu my\u00f6s eriss\u00e4!\" \/>\n<meta name=\"robots\" content=\"index, follow, max-snippet:-1, max-image-preview:large, max-video-preview:-1\" \/>\n<link rel=\"canonical\" href=\"https:\/\/musapekka.fi\/?page_id=612\" \/>\n<meta property=\"og:locale\" content=\"fi_FI\" \/>\n<meta property=\"og:type\" content=\"article\" \/>\n<meta property=\"og:title\" content=\"Hinnat - Musapekka\" \/>\n<meta property=\"og:description\" content=\"Katso MusaPekan hinnasto ja maksutavat \u2013 soiton- ja laulunopetusta Joensuussa ilman p\u00e4\u00e4sykokeita. Maksu onnistuu my\u00f6s eriss\u00e4!\" \/>\n<meta property=\"og:url\" content=\"https:\/\/musapekka.fi\/?page_id=612\" \/>\n<meta property=\"og:site_name\" content=\"Musapekka\" \/>\n<meta property=\"article:modified_time\" content=\"2025-06-10T19:52:32+00:00\" \/>\n<meta property=\"og:image\" content=\"https:\/\/musapekka.fi\/wp-content\/uploads\/2023\/08\/LogoMusa-Pekka.png\" \/>\n\t<meta property=\"og:image:width\" content=\"500\" \/>\n\t<meta property=\"og:image:height\" content=\"500\" \/>\n\t<meta property=\"og:image:type\" content=\"image\/png\" \/>\n<meta name=\"twitter:card\" content=\"summary_large_image\" \/>\n<meta name=\"twitter:label1\" content=\"Arvioitu lukuaika\" \/>\n\t<meta name=\"twitter:data1\" content=\"3 minuuttia\" \/>\n<script type=\"application\/ld+json\" class=\"yoast-schema-graph\">{\"@context\":\"https:\/\/schema.org\",\"@graph\":[{\"@type\":\"WebPage\",\"@id\":\"https:\/\/musapekka.fi\/?page_id=612\",\"url\":\"https:\/\/musapekka.fi\/?page_id=612\",\"name\":\"Hinnat - Musapekka\",\"isPartOf\":{\"@id\":\"https:\/\/musapekka.fi\/#website\"},\"primaryImageOfPage\":{\"@id\":\"https:\/\/musapekka.fi\/?page_id=612#primaryimage\"},\"image\":{\"@id\":\"https:\/\/musapekka.fi\/?page_id=612#primaryimage\"},\"thumbnailUrl\":\"https:\/\/musapekka.fi\/wp-content\/uploads\/2023\/08\/LogoMusa-Pekka-300x300.png\",\"datePublished\":\"2015-02-14T20:57:13+00:00\",\"dateModified\":\"2025-06-10T19:52:32+00:00\",\"description\":\"Katso MusaPekan hinnasto ja maksutavat \u2013 soiton- ja laulunopetusta Joensuussa ilman p\u00e4\u00e4sykokeita. Maksu onnistuu my\u00f6s eriss\u00e4!\",\"breadcrumb\":{\"@id\":\"https:\/\/musapekka.fi\/?page_id=612#breadcrumb\"},\"inLanguage\":\"fi\",\"potentialAction\":[{\"@type\":\"ReadAction\",\"target\":[\"https:\/\/musapekka.fi\/?page_id=612\"]}]},{\"@type\":\"ImageObject\",\"inLanguage\":\"fi\",\"@id\":\"https:\/\/musapekka.fi\/?page_id=612#primaryimage\",\"url\":\"https:\/\/musapekka.fi\/wp-content\/uploads\/2023\/08\/LogoMusa-Pekka.png\",\"contentUrl\":\"https:\/\/musapekka.fi\/wp-content\/uploads\/2023\/08\/LogoMusa-Pekka.png\",\"width\":500,\"height\":500,\"caption\":\"Soiton- ja laulunopetuksen hinnasto Joensuussa Musa-Pekassa\"},{\"@type\":\"BreadcrumbList\",\"@id\":\"https:\/\/musapekka.fi\/?page_id=612#breadcrumb\",\"itemListElement\":[{\"@type\":\"ListItem\",\"position\":1,\"name\":\"Etusivu\",\"item\":\"https:\/\/musapekka.fi\/\"},{\"@type\":\"ListItem\",\"position\":2,\"name\":\"Hinnat\"}]},{\"@type\":\"WebSite\",\"@id\":\"https:\/\/musapekka.fi\/#website\",\"url\":\"https:\/\/musapekka.fi\/\",\"name\":\"Musapekka\",\"description\":\"Musiikin opetusta joensuussa\",\"publisher\":{\"@id\":\"https:\/\/musapekka.fi\/#organization\"},\"potentialAction\":[{\"@type\":\"SearchAction\",\"target\":{\"@type\":\"EntryPoint\",\"urlTemplate\":\"https:\/\/musapekka.fi\/?s={search_term_string}\"},\"query-input\":{\"@type\":\"PropertyValueSpecification\",\"valueRequired\":true,\"valueName\":\"search_term_string\"}}],\"inLanguage\":\"fi\"},{\"@type\":\"Organization\",\"@id\":\"https:\/\/musapekka.fi\/#organization\",\"name\":\"Musapekka\",\"url\":\"https:\/\/musapekka.fi\/\",\"logo\":{\"@type\":\"ImageObject\",\"inLanguage\":\"fi\",\"@id\":\"https:\/\/musapekka.fi\/#\/schema\/logo\/image\/\",\"url\":\"https:\/\/musapekka.fi\/wp-content\/uploads\/2023\/08\/cropped-LogoMusa-Pekka.png\",\"contentUrl\":\"https:\/\/musapekka.fi\/wp-content\/uploads\/2023\/08\/cropped-LogoMusa-Pekka.png\",\"width\":500,\"height\":225,\"caption\":\"Musapekka\"},\"image\":{\"@id\":\"https:\/\/musapekka.fi\/#\/schema\/logo\/image\/\"}}]}<\/script>\n<!-- \/ Yoast SEO plugin. -->","yoast_head_json":{"title":"Hinnat - Musapekka","description":"Katso MusaPekan hinnasto ja maksutavat \u2013 soiton- ja laulunopetusta Joensuussa ilman p\u00e4\u00e4sykokeita. Maksu onnistuu my\u00f6s eriss\u00e4!","robots":{"index":"index","follow":"follow","max-snippet":"max-snippet:-1","max-image-preview":"max-image-preview:large","max-video-preview":"max-video-preview:-1"},"canonical":"https:\/\/musapekka.fi\/?page_id=612","og_locale":"fi_FI","og_type":"article","og_title":"Hinnat - Musapekka","og_description":"Katso MusaPekan hinnasto ja maksutavat \u2013 soiton- ja laulunopetusta Joensuussa ilman p\u00e4\u00e4sykokeita. Maksu onnistuu my\u00f6s eriss\u00e4!","og_url":"https:\/\/musapekka.fi\/?page_id=612","og_site_name":"Musapekka","article_modified_time":"2025-06-10T19:52:32+00:00","og_image":[{"width":500,"height":500,"url":"https:\/\/musapekka.fi\/wp-content\/uploads\/2023\/08\/LogoMusa-Pekka.png","type":"image\/png"}],"twitter_card":"summary_large_image","twitter_misc":{"Arvioitu lukuaika":"3 minuuttia"},"schema":{"@context":"https:\/\/schema.org","@graph":[{"@type":"WebPage","@id":"https:\/\/musapekka.fi\/?page_id=612","url":"https:\/\/musapekka.fi\/?page_id=612","name":"Hinnat - Musapekka","isPartOf":{"@id":"https:\/\/musapekka.fi\/#website"},"primaryImageOfPage":{"@id":"https:\/\/musapekka.fi\/?page_id=612#primaryimage"},"image":{"@id":"https:\/\/musapekka.fi\/?page_id=612#primaryimage"},"thumbnailUrl":"https:\/\/musapekka.fi\/wp-content\/uploads\/2023\/08\/LogoMusa-Pekka-300x300.png","datePublished":"2015-02-14T20:57:13+00:00","dateModified":"2025-06-10T19:52:32+00:00","description":"Katso MusaPekan hinnasto ja maksutavat \u2013 soiton- ja laulunopetusta Joensuussa ilman p\u00e4\u00e4sykokeita. Maksu onnistuu my\u00f6s eriss\u00e4!","breadcrumb":{"@id":"https:\/\/musapekka.fi\/?page_id=612#breadcrumb"},"inLanguage":"fi","potentialAction":[{"@type":"ReadAction","target":["https:\/\/musapekka.fi\/?page_id=612"]}]},{"@type":"ImageObject","inLanguage":"fi","@id":"https:\/\/musapekka.fi\/?page_id=612#primaryimage","url":"https:\/\/musapekka.fi\/wp-content\/uploads\/2023\/08\/LogoMusa-Pekka.png","contentUrl":"https:\/\/musapekka.fi\/wp-content\/uploads\/2023\/08\/LogoMusa-Pekka.png","width":500,"height":500,"caption":"Soiton- ja laulunopetuksen hinnasto Joensuussa Musa-Pekassa"},{"@type":"BreadcrumbList","@id":"https:\/\/musapekka.fi\/?page_id=612#breadcrumb","itemListElement":[{"@type":"ListItem","position":1,"name":"Etusivu","item":"https:\/\/musapekka.fi\/"},{"@type":"ListItem","position":2,"name":"Hinnat"}]},{"@type":"WebSite","@id":"https:\/\/musapekka.fi\/#website","url":"https:\/\/musapekka.fi\/","name":"Musapekka","description":"Musiikin opetusta joensuussa","publisher":{"@id":"https:\/\/musapekka.fi\/#organization"},"potentialAction":[{"@type":"SearchAction","target":{"@type":"EntryPoint","urlTemplate":"https:\/\/musapekka.fi\/?s={search_term_string}"},"query-input":{"@type":"PropertyValueSpecification","valueRequired":true,"valueName":"search_term_string"}}],"inLanguage":"fi"},{"@type":"Organization","@id":"https:\/\/musapekka.fi\/#organization","name":"Musapekka","url":"https:\/\/musapekka.fi\/","logo":{"@type":"ImageObject","inLanguage":"fi","@id":"https:\/\/musapekka.fi\/#\/schema\/logo\/image\/","url":"https:\/\/musapekka.fi\/wp-content\/uploads\/2023\/08\/cropped-LogoMusa-Pekka.png","contentUrl":"https:\/\/musapekka.fi\/wp-content\/uploads\/2023\/08\/cropped-LogoMusa-Pekka.png","width":500,"height":225,"caption":"Musapekka"},"image":{"@id":"https:\/\/musapekka.fi\/#\/schema\/logo\/image\/"}}]}},"_links":{"self":[{"href":"https:\/\/musapekka.fi\/index.php?rest_route=\/wp\/v2\/pages\/612","targetHints":{"allow":["GET"]}}],"collection":[{"href":"https:\/\/musapekka.fi\/index.php?rest_route=\/wp\/v2\/pages"}],"about":[{"href":"https:\/\/musapekka.fi\/index.php?rest_route=\/wp\/v2\/types\/page"}],"author":[{"embeddable":true,"href":"https:\/\/musapekka.fi\/index.php?rest_route=\/wp\/v2\/users\/1"}],"replies":[{"embeddable":true,"href":"https:\/\/musapekka.fi\/index.php?rest_route=%2Fwp%2Fv2%2Fcomments&post=612"}],"version-history":[{"count":98,"href":"https:\/\/musapekka.fi\/index.php?rest_route=\/wp\/v2\/pages\/612\/revisions"}],"predecessor-version":[{"id":13493,"href":"https:\/\/musapekka.fi\/index.php?rest_route=\/wp\/v2\/pages\/612\/revisions\/13493"}],"wp:attachment":[{"href":"https:\/\/musapekka.fi\/index.php?rest_route=%2Fwp%2Fv2%2Fmedia&parent=612"}],"curies":[{"name":"wp","href":"https:\/\/api.w.org\/{rel}","templated":true}]}}