{"id":13365,"date":"2023-09-03T10:58:48","date_gmt":"2023-09-03T10:58:48","guid":{"rendered":"https:\/\/musapekka.fi\/?page_id=13365"},"modified":"2023-09-03T11:01:10","modified_gmt":"2023-09-03T11:01:10","slug":"juuso-harkonen","status":"publish","type":"page","link":"https:\/\/musapekka.fi\/?page_id=13365","title":{"rendered":"Juuso H\u00e4rk\u00f6nen"},"content":{"rendered":"\t\t<div data-elementor-type=\"wp-page\" data-elementor-id=\"13365\" class=\"elementor elementor-13365\">\n\t\t\t\t\t\t<section class=\"elementor-section elementor-top-section elementor-element elementor-element-9267ae3 elementor-section-boxed elementor-section-height-default elementor-section-height-default\" data-id=\"9267ae3\" data-element_type=\"section\">\n\t\t\t\t\t\t<div class=\"elementor-container elementor-column-gap-default\">\n\t\t\t\t\t<div class=\"elementor-column elementor-col-100 elementor-top-column elementor-element elementor-element-d58e111\" data-id=\"d58e111\" data-element_type=\"column\">\n\t\t\t<div class=\"elementor-widget-wrap elementor-element-populated\">\n\t\t\t\t\t\t<div class=\"elementor-element elementor-element-ebeb8c2 elementor-widget elementor-widget-video\" data-id=\"ebeb8c2\" data-element_type=\"widget\" data-settings=\"{&quot;youtube_url&quot;:&quot;https:\\\/\\\/www.youtube.com\\\/watch?v=dykSckRE0dQ&quot;,&quot;video_type&quot;:&quot;youtube&quot;,&quot;controls&quot;:&quot;yes&quot;}\" data-widget_type=\"video.default\">\n\t\t\t\t<div class=\"elementor-widget-container\">\n\t\t\t\t\t\t\t<div class=\"elementor-wrapper elementor-open-inline\">\n\t\t\t<div class=\"elementor-video\"><\/div>\t\t<\/div>\n\t\t\t\t\t\t<\/div>\n\t\t\t\t<\/div>\n\t\t\t\t<div class=\"elementor-element elementor-element-99011e2 elementor-widget elementor-widget-text-editor\" data-id=\"99011e2\" data-element_type=\"widget\" data-widget_type=\"text-editor.default\">\n\t\t\t\t<div class=\"elementor-widget-container\">\n\t\t\t\t\t\t\t\t\t<p style=\"text-align: center;\"><span style=\"color: #000000;\">Olen Joensuussa opiskellut ammattimuusikko (2016) ja musiikkipedagogi (2020). Olen opettanut rumpujensoittoa Musa-Pekalla vuodesta 2016, sek\u00e4 lukukauden verran Joensuun Musiikkiopiston avoimella puolella.<\/span><\/p><p><span style=\"color: #000000;\">Opetan tunneillani useita eri tyylilajeja kuten rockia, poppia, funkia, reggaeta, bluesia, tanssilajeja, metallia (tuplapedaali), latin musiikkia, rap-beatteja ja jazzia. Komppien, fillien ja kappaleiden lis\u00e4ksi opetan my\u00f6s nuotinlukua, ergonomiaa, tekniikkaa, koordinaatioharjoituksia, dynamiikkaa, improvisointia sek\u00e4 tarvittaessa erilaisia ly\u00f6m\u00e4soittimia kuten congat, bongot, djembe tai cajon.<\/span><\/p><p><span style=\"color: #000000;\">Teen jokaiselle oppilaalleni yksil\u00f6idyn opetussuunnitelman riippuen oppilaani kiinnostuksen kohteista ja tavoitteista.<\/span><\/p><p><span style=\"color: #000000;\">Omia pidempiaikaisia yhtyeit\u00e4ni ovat death\/thrash-metalliyhtye Kolossus sek\u00e4 hard rock-yhtye Chamber Door.<\/span><\/p><p><span style=\"color: #000000;\">Linkkej\u00e4:<\/span><\/p><p><span style=\"color: #000000;\">Kolossus<\/span><br \/><span style=\"color: #000000;\"><a style=\"color: #000000;\" href=\"https:\/\/youtube.com\/channel\/UCNUQzRorx952jBm0iHO1DgA\">https:\/\/youtube.com\/channel\/UCNUQzRorx952jBm0iHO1DgA<\/a><\/span><\/p><p><span style=\"color: #000000;\">Chamber Door<\/span><br \/><span style=\"color: #000000;\"><a style=\"color: #000000;\" href=\"https:\/\/youtube.com\/channel\/UCLVOn76qQhVKRMstIpUzDxA\">https:\/\/youtube.com\/channel\/UCLVOn76qQhVKRMstIpUzDxA<\/a><\/span><\/p>\t\t\t\t\t\t\t\t<\/div>\n\t\t\t\t<\/div>\n\t\t\t\t\t<\/div>\n\t\t<\/div>\n\t\t\t\t\t<\/div>\n\t\t<\/section>\n\t\t\t\t<\/div>\n\t\t","protected":false},"excerpt":{"rendered":"<p>https:\/\/www.youtube.com\/watch?v=dykSckRE0dQ Olen Joensuussa opiskellut ammattimuusikko (2016) ja musiikkipedagogi (2020). Olen opettanut rumpujensoittoa Musa-Pekalla vuodesta 2016, sek\u00e4 lukukauden verran Joensuun Musiikkiopiston avoimella puolella. Opetan tunneillani useita eri tyylilajeja kuten rockia, poppia, funkia, reggaeta, bluesia, tanssilajeja, metallia (tuplapedaali), latin musiikkia, rap-beatteja ja jazzia. Komppien, fillien ja&#8230;<\/p>\n","protected":false},"author":1,"featured_media":0,"parent":0,"menu_order":0,"comment_status":"closed","ping_status":"closed","template":"","meta":{"footnotes":""},"class_list":["post-13365","page","type-page","status-publish","hentry"],"yoast_head":"<!-- This site is optimized with the Yoast SEO plugin v25.9 - https:\/\/yoast.com\/wordpress\/plugins\/seo\/ -->\n<title>Juuso H\u00e4rk\u00f6nen - Musapekka<\/title>\n<meta name=\"robots\" content=\"index, follow, max-snippet:-1, max-image-preview:large, max-video-preview:-1\" \/>\n<link rel=\"canonical\" href=\"https:\/\/musapekka.fi\/?page_id=13365\" \/>\n<meta property=\"og:locale\" content=\"fi_FI\" \/>\n<meta property=\"og:type\" content=\"article\" \/>\n<meta property=\"og:title\" content=\"Juuso H\u00e4rk\u00f6nen - Musapekka\" \/>\n<meta property=\"og:description\" content=\"https:\/\/www.youtube.com\/watch?v=dykSckRE0dQ Olen Joensuussa opiskellut ammattimuusikko (2016) ja musiikkipedagogi (2020). Olen opettanut rumpujensoittoa Musa-Pekalla vuodesta 2016, sek\u00e4 lukukauden verran Joensuun Musiikkiopiston avoimella puolella. Opetan tunneillani useita eri tyylilajeja kuten rockia, poppia, funkia, reggaeta, bluesia, tanssilajeja, metallia (tuplapedaali), latin musiikkia, rap-beatteja ja jazzia. Komppien, fillien ja...\" \/>\n<meta property=\"og:url\" content=\"https:\/\/musapekka.fi\/?page_id=13365\" \/>\n<meta property=\"og:site_name\" content=\"Musapekka\" \/>\n<meta property=\"article:modified_time\" content=\"2023-09-03T11:01:10+00:00\" \/>\n<meta name=\"twitter:card\" content=\"summary_large_image\" \/>\n<meta name=\"twitter:label1\" content=\"Arvioitu lukuaika\" \/>\n\t<meta name=\"twitter:data1\" content=\"1 minuutti\" \/>\n<script type=\"application\/ld+json\" class=\"yoast-schema-graph\">{\"@context\":\"https:\/\/schema.org\",\"@graph\":[{\"@type\":\"WebPage\",\"@id\":\"https:\/\/musapekka.fi\/?page_id=13365\",\"url\":\"https:\/\/musapekka.fi\/?page_id=13365\",\"name\":\"Juuso H\u00e4rk\u00f6nen - Musapekka\",\"isPartOf\":{\"@id\":\"https:\/\/musapekka.fi\/#website\"},\"datePublished\":\"2023-09-03T10:58:48+00:00\",\"dateModified\":\"2023-09-03T11:01:10+00:00\",\"breadcrumb\":{\"@id\":\"https:\/\/musapekka.fi\/?page_id=13365#breadcrumb\"},\"inLanguage\":\"fi\",\"potentialAction\":[{\"@type\":\"ReadAction\",\"target\":[\"https:\/\/musapekka.fi\/?page_id=13365\"]}]},{\"@type\":\"BreadcrumbList\",\"@id\":\"https:\/\/musapekka.fi\/?page_id=13365#breadcrumb\",\"itemListElement\":[{\"@type\":\"ListItem\",\"position\":1,\"name\":\"Etusivu\",\"item\":\"https:\/\/musapekka.fi\/\"},{\"@type\":\"ListItem\",\"position\":2,\"name\":\"Juuso H\u00e4rk\u00f6nen\"}]},{\"@type\":\"WebSite\",\"@id\":\"https:\/\/musapekka.fi\/#website\",\"url\":\"https:\/\/musapekka.fi\/\",\"name\":\"Musapekka\",\"description\":\"Musiikin opetusta joensuussa\",\"publisher\":{\"@id\":\"https:\/\/musapekka.fi\/#organization\"},\"potentialAction\":[{\"@type\":\"SearchAction\",\"target\":{\"@type\":\"EntryPoint\",\"urlTemplate\":\"https:\/\/musapekka.fi\/?s={search_term_string}\"},\"query-input\":{\"@type\":\"PropertyValueSpecification\",\"valueRequired\":true,\"valueName\":\"search_term_string\"}}],\"inLanguage\":\"fi\"},{\"@type\":\"Organization\",\"@id\":\"https:\/\/musapekka.fi\/#organization\",\"name\":\"Musapekka\",\"url\":\"https:\/\/musapekka.fi\/\",\"logo\":{\"@type\":\"ImageObject\",\"inLanguage\":\"fi\",\"@id\":\"https:\/\/musapekka.fi\/#\/schema\/logo\/image\/\",\"url\":\"https:\/\/musapekka.fi\/wp-content\/uploads\/2023\/08\/cropped-LogoMusa-Pekka.png\",\"contentUrl\":\"https:\/\/musapekka.fi\/wp-content\/uploads\/2023\/08\/cropped-LogoMusa-Pekka.png\",\"width\":500,\"height\":225,\"caption\":\"Musapekka\"},\"image\":{\"@id\":\"https:\/\/musapekka.fi\/#\/schema\/logo\/image\/\"}}]}<\/script>\n<!-- \/ Yoast SEO plugin. -->","yoast_head_json":{"title":"Juuso H\u00e4rk\u00f6nen - Musapekka","robots":{"index":"index","follow":"follow","max-snippet":"max-snippet:-1","max-image-preview":"max-image-preview:large","max-video-preview":"max-video-preview:-1"},"canonical":"https:\/\/musapekka.fi\/?page_id=13365","og_locale":"fi_FI","og_type":"article","og_title":"Juuso H\u00e4rk\u00f6nen - Musapekka","og_description":"https:\/\/www.youtube.com\/watch?v=dykSckRE0dQ Olen Joensuussa opiskellut ammattimuusikko (2016) ja musiikkipedagogi (2020). Olen opettanut rumpujensoittoa Musa-Pekalla vuodesta 2016, sek\u00e4 lukukauden verran Joensuun Musiikkiopiston avoimella puolella. Opetan tunneillani useita eri tyylilajeja kuten rockia, poppia, funkia, reggaeta, bluesia, tanssilajeja, metallia (tuplapedaali), latin musiikkia, rap-beatteja ja jazzia. Komppien, fillien ja...","og_url":"https:\/\/musapekka.fi\/?page_id=13365","og_site_name":"Musapekka","article_modified_time":"2023-09-03T11:01:10+00:00","twitter_card":"summary_large_image","twitter_misc":{"Arvioitu lukuaika":"1 minuutti"},"schema":{"@context":"https:\/\/schema.org","@graph":[{"@type":"WebPage","@id":"https:\/\/musapekka.fi\/?page_id=13365","url":"https:\/\/musapekka.fi\/?page_id=13365","name":"Juuso H\u00e4rk\u00f6nen - Musapekka","isPartOf":{"@id":"https:\/\/musapekka.fi\/#website"},"datePublished":"2023-09-03T10:58:48+00:00","dateModified":"2023-09-03T11:01:10+00:00","breadcrumb":{"@id":"https:\/\/musapekka.fi\/?page_id=13365#breadcrumb"},"inLanguage":"fi","potentialAction":[{"@type":"ReadAction","target":["https:\/\/musapekka.fi\/?page_id=13365"]}]},{"@type":"BreadcrumbList","@id":"https:\/\/musapekka.fi\/?page_id=13365#breadcrumb","itemListElement":[{"@type":"ListItem","position":1,"name":"Etusivu","item":"https:\/\/musapekka.fi\/"},{"@type":"ListItem","position":2,"name":"Juuso H\u00e4rk\u00f6nen"}]},{"@type":"WebSite","@id":"https:\/\/musapekka.fi\/#website","url":"https:\/\/musapekka.fi\/","name":"Musapekka","description":"Musiikin opetusta joensuussa","publisher":{"@id":"https:\/\/musapekka.fi\/#organization"},"potentialAction":[{"@type":"SearchAction","target":{"@type":"EntryPoint","urlTemplate":"https:\/\/musapekka.fi\/?s={search_term_string}"},"query-input":{"@type":"PropertyValueSpecification","valueRequired":true,"valueName":"search_term_string"}}],"inLanguage":"fi"},{"@type":"Organization","@id":"https:\/\/musapekka.fi\/#organization","name":"Musapekka","url":"https:\/\/musapekka.fi\/","logo":{"@type":"ImageObject","inLanguage":"fi","@id":"https:\/\/musapekka.fi\/#\/schema\/logo\/image\/","url":"https:\/\/musapekka.fi\/wp-content\/uploads\/2023\/08\/cropped-LogoMusa-Pekka.png","contentUrl":"https:\/\/musapekka.fi\/wp-content\/uploads\/2023\/08\/cropped-LogoMusa-Pekka.png","width":500,"height":225,"caption":"Musapekka"},"image":{"@id":"https:\/\/musapekka.fi\/#\/schema\/logo\/image\/"}}]}},"_links":{"self":[{"href":"https:\/\/musapekka.fi\/index.php?rest_route=\/wp\/v2\/pages\/13365","targetHints":{"allow":["GET"]}}],"collection":[{"href":"https:\/\/musapekka.fi\/index.php?rest_route=\/wp\/v2\/pages"}],"about":[{"href":"https:\/\/musapekka.fi\/index.php?rest_route=\/wp\/v2\/types\/page"}],"author":[{"embeddable":true,"href":"https:\/\/musapekka.fi\/index.php?rest_route=\/wp\/v2\/users\/1"}],"replies":[{"embeddable":true,"href":"https:\/\/musapekka.fi\/index.php?rest_route=%2Fwp%2Fv2%2Fcomments&post=13365"}],"version-history":[{"count":5,"href":"https:\/\/musapekka.fi\/index.php?rest_route=\/wp\/v2\/pages\/13365\/revisions"}],"predecessor-version":[{"id":13370,"href":"https:\/\/musapekka.fi\/index.php?rest_route=\/wp\/v2\/pages\/13365\/revisions\/13370"}],"wp:attachment":[{"href":"https:\/\/musapekka.fi\/index.php?rest_route=%2Fwp%2Fv2%2Fmedia&parent=13365"}],"curies":[{"name":"wp","href":"https:\/\/api.w.org\/{rel}","templated":true}]}}