{"id":13273,"date":"2023-08-23T07:46:44","date_gmt":"2023-08-23T07:46:44","guid":{"rendered":"https:\/\/musapekka.fi\/?page_id=13273"},"modified":"2023-10-26T07:37:59","modified_gmt":"2023-10-26T07:37:59","slug":"varis","status":"publish","type":"page","link":"https:\/\/musapekka.fi\/?page_id=13273","title":{"rendered":"Mika Varis"},"content":{"rendered":"\t\t<div data-elementor-type=\"wp-page\" data-elementor-id=\"13273\" class=\"elementor elementor-13273\">\n\t\t\t\t\t\t<section class=\"elementor-section elementor-top-section elementor-element elementor-element-753d66a elementor-section-boxed elementor-section-height-default elementor-section-height-default\" data-id=\"753d66a\" data-element_type=\"section\">\n\t\t\t\t\t\t<div class=\"elementor-container elementor-column-gap-default\">\n\t\t\t\t\t<div class=\"elementor-column elementor-col-50 elementor-top-column elementor-element elementor-element-d652798\" data-id=\"d652798\" data-element_type=\"column\">\n\t\t\t<div class=\"elementor-widget-wrap elementor-element-populated\">\n\t\t\t\t\t\t<div class=\"elementor-element elementor-element-6a28c2a elementor-widget elementor-widget-image\" data-id=\"6a28c2a\" data-element_type=\"widget\" data-widget_type=\"image.default\">\n\t\t\t\t<div class=\"elementor-widget-container\">\n\t\t\t\t\t\t\t\t\t\t\t\t\t\t\t<img fetchpriority=\"high\" decoding=\"async\" width=\"760\" height=\"760\" src=\"https:\/\/musapekka.fi\/wp-content\/uploads\/2023\/08\/Mika_Varis-09-1024x1024.png\" class=\"attachment-large size-large wp-image-13284\" alt=\"\" srcset=\"https:\/\/musapekka.fi\/wp-content\/uploads\/2023\/08\/Mika_Varis-09-1024x1024.png 1024w, https:\/\/musapekka.fi\/wp-content\/uploads\/2023\/08\/Mika_Varis-09-300x300.png 300w, https:\/\/musapekka.fi\/wp-content\/uploads\/2023\/08\/Mika_Varis-09-150x150.png 150w, https:\/\/musapekka.fi\/wp-content\/uploads\/2023\/08\/Mika_Varis-09-768x768.png 768w, https:\/\/musapekka.fi\/wp-content\/uploads\/2023\/08\/Mika_Varis-09-1536x1536.png 1536w, https:\/\/musapekka.fi\/wp-content\/uploads\/2023\/08\/Mika_Varis-09-640x640.png 640w, https:\/\/musapekka.fi\/wp-content\/uploads\/2023\/08\/Mika_Varis-09-600x600.png 600w, https:\/\/musapekka.fi\/wp-content\/uploads\/2023\/08\/Mika_Varis-09-100x100.png 100w, https:\/\/musapekka.fi\/wp-content\/uploads\/2023\/08\/Mika_Varis-09.png 2000w\" sizes=\"(max-width: 760px) 100vw, 760px\" \/>\t\t\t\t\t\t\t\t\t\t\t\t\t\t\t<\/div>\n\t\t\t\t<\/div>\n\t\t\t\t\t<\/div>\n\t\t<\/div>\n\t\t\t\t<div class=\"elementor-column elementor-col-50 elementor-top-column elementor-element elementor-element-b13da56\" data-id=\"b13da56\" data-element_type=\"column\">\n\t\t\t<div class=\"elementor-widget-wrap elementor-element-populated\">\n\t\t\t\t\t\t<div class=\"elementor-element elementor-element-b98a6d0 elementor-widget elementor-widget-video\" data-id=\"b98a6d0\" data-element_type=\"widget\" data-settings=\"{&quot;youtube_url&quot;:&quot;https:\\\/\\\/youtu.be\\\/EJVtAv9YjDc&quot;,&quot;video_type&quot;:&quot;youtube&quot;,&quot;controls&quot;:&quot;yes&quot;}\" data-widget_type=\"video.default\">\n\t\t\t\t<div class=\"elementor-widget-container\">\n\t\t\t\t\t\t\t<div class=\"elementor-wrapper elementor-open-inline\">\n\t\t\t<div class=\"elementor-video\"><\/div>\t\t<\/div>\n\t\t\t\t\t\t<\/div>\n\t\t\t\t<\/div>\n\t\t\t\t\t<\/div>\n\t\t<\/div>\n\t\t\t\t\t<\/div>\n\t\t<\/section>\n\t\t\t\t<section class=\"elementor-section elementor-top-section elementor-element elementor-element-515bd40 elementor-section-boxed elementor-section-height-default elementor-section-height-default\" data-id=\"515bd40\" data-element_type=\"section\">\n\t\t\t\t\t\t<div class=\"elementor-container elementor-column-gap-default\">\n\t\t\t\t\t<div class=\"elementor-column elementor-col-100 elementor-top-column elementor-element elementor-element-00896c1\" data-id=\"00896c1\" data-element_type=\"column\">\n\t\t\t<div class=\"elementor-widget-wrap elementor-element-populated\">\n\t\t\t\t\t\t<div class=\"elementor-element elementor-element-735dc5a elementor-widget elementor-widget-text-editor\" data-id=\"735dc5a\" data-element_type=\"widget\" data-widget_type=\"text-editor.default\">\n\t\t\t\t<div class=\"elementor-widget-container\">\n\t\t\t\t\t\t\t\t\t<p style=\"text-align: center;\">\u00a0<\/p><p style=\"text-align: center;\">\u00a0<\/p><p style=\"text-align: center;\">Olen Mika, t\u00e4n\u00e4 vuonna nelj\u00e4nnelle vuosikymmenelle siirtyv\u00e4 Joensuusta kotoisin oleva mies.<\/p><p style=\"text-align: center;\">Olen valmistunut musiikkipedagogiksi Karelia AMK:sta 2020 ja medianomiksi 2011 (PKAMK).<\/p><p style=\"text-align: center;\">\u00a0<\/p><p style=\"text-align: center;\">Kokemusta minulle on karttunut yksityisopetuksesta opintojen ajalta asti ja opintojen j\u00e4lkeen olen tehnyt laulunopetusta sivutoimisena. Laulu- ja musiikkikokemusta minulla on takana jo yli 2 vuosikymment\u00e4 ja tyylilajeja on ollut metallista ja raskaasta rokista jazziin.<\/p><p style=\"text-align: center;\">Minulle on t\u00e4rke\u00e4\u00e4, ett\u00e4 pit\u00e4mill\u00e4ni yksityistunneilla vallitsee turvallinen itseilmaisun ja keskustelun ilmapiiri, jossa jokainen voi oppia ja kehitty\u00e4 omassa tahdissaan omien tarpeiden sek\u00e4 tavoitteiden mukaan.<\/p><p style=\"text-align: center;\">T\u00e4l\u00e4 hetkell\u00e4 olen laulaja, s\u00e4velt\u00e4j\u00e4, sanoittaja ja sovittaja progressiivista metallia soittavassa yhtyeess\u00e4 nimelt\u00e4\u00e4n TIME PRIMER, jolla julkaisimme helmikuussa 2023 ensimm\u00e4isen pitk\u00e4soittomme nimelt\u00e4\u00e4n Artefact.<\/p><p style=\"text-align: center;\">Minulla on my\u00f6s syksyll\u00e4 2023 p\u00e4iv\u00e4nvalon n\u00e4kev\u00e4 sooloprojekti VARIS. T\u00e4ss\u00e4 projektissa vastaan s\u00e4vellyksist\u00e4, sanoituksista ja sovituksista ja kaikista lauluista.<\/p>\t\t\t\t\t\t\t\t<\/div>\n\t\t\t\t<\/div>\n\t\t\t\t\t<\/div>\n\t\t<\/div>\n\t\t\t\t\t<\/div>\n\t\t<\/section>\n\t\t\t\t<\/div>\n\t\t","protected":false},"excerpt":{"rendered":"<p>https:\/\/youtu.be\/EJVtAv9YjDc \u00a0 \u00a0 Olen Mika, t\u00e4n\u00e4 vuonna nelj\u00e4nnelle vuosikymmenelle siirtyv\u00e4 Joensuusta kotoisin oleva mies. Olen valmistunut musiikkipedagogiksi Karelia AMK:sta 2020 ja medianomiksi 2011 (PKAMK). \u00a0 Kokemusta minulle on karttunut yksityisopetuksesta opintojen ajalta asti ja opintojen j\u00e4lkeen olen tehnyt laulunopetusta sivutoimisena. Laulu- ja musiikkikokemusta minulla&#8230;<\/p>\n","protected":false},"author":1,"featured_media":0,"parent":0,"menu_order":0,"comment_status":"closed","ping_status":"closed","template":"","meta":{"footnotes":""},"class_list":["post-13273","page","type-page","status-publish","hentry"],"yoast_head":"<!-- This site is optimized with the Yoast SEO plugin v25.9 - https:\/\/yoast.com\/wordpress\/plugins\/seo\/ -->\n<title>Mika Varis - Musapekka<\/title>\n<meta name=\"robots\" content=\"index, follow, max-snippet:-1, max-image-preview:large, max-video-preview:-1\" \/>\n<link rel=\"canonical\" href=\"https:\/\/musapekka.fi\/?page_id=13273\" \/>\n<meta property=\"og:locale\" content=\"fi_FI\" \/>\n<meta property=\"og:type\" content=\"article\" \/>\n<meta property=\"og:title\" content=\"Mika Varis - Musapekka\" \/>\n<meta property=\"og:description\" content=\"https:\/\/youtu.be\/EJVtAv9YjDc \u00a0 \u00a0 Olen Mika, t\u00e4n\u00e4 vuonna nelj\u00e4nnelle vuosikymmenelle siirtyv\u00e4 Joensuusta kotoisin oleva mies. Olen valmistunut musiikkipedagogiksi Karelia AMK:sta 2020 ja medianomiksi 2011 (PKAMK). \u00a0 Kokemusta minulle on karttunut yksityisopetuksesta opintojen ajalta asti ja opintojen j\u00e4lkeen olen tehnyt laulunopetusta sivutoimisena. Laulu- ja musiikkikokemusta minulla...\" \/>\n<meta property=\"og:url\" content=\"https:\/\/musapekka.fi\/?page_id=13273\" \/>\n<meta property=\"og:site_name\" content=\"Musapekka\" \/>\n<meta property=\"article:modified_time\" content=\"2023-10-26T07:37:59+00:00\" \/>\n<meta property=\"og:image\" content=\"https:\/\/musapekka.fi\/wp-content\/uploads\/2023\/08\/Mika_Varis-09-1024x1024.png\" \/>\n<meta name=\"twitter:card\" content=\"summary_large_image\" \/>\n<meta name=\"twitter:label1\" content=\"Arvioitu lukuaika\" \/>\n\t<meta name=\"twitter:data1\" content=\"1 minuutti\" \/>\n<script type=\"application\/ld+json\" class=\"yoast-schema-graph\">{\"@context\":\"https:\/\/schema.org\",\"@graph\":[{\"@type\":\"WebPage\",\"@id\":\"https:\/\/musapekka.fi\/?page_id=13273\",\"url\":\"https:\/\/musapekka.fi\/?page_id=13273\",\"name\":\"Mika Varis - Musapekka\",\"isPartOf\":{\"@id\":\"https:\/\/musapekka.fi\/#website\"},\"primaryImageOfPage\":{\"@id\":\"https:\/\/musapekka.fi\/?page_id=13273#primaryimage\"},\"image\":{\"@id\":\"https:\/\/musapekka.fi\/?page_id=13273#primaryimage\"},\"thumbnailUrl\":\"https:\/\/musapekka.fi\/wp-content\/uploads\/2023\/08\/Mika_Varis-09-1024x1024.png\",\"datePublished\":\"2023-08-23T07:46:44+00:00\",\"dateModified\":\"2023-10-26T07:37:59+00:00\",\"breadcrumb\":{\"@id\":\"https:\/\/musapekka.fi\/?page_id=13273#breadcrumb\"},\"inLanguage\":\"fi\",\"potentialAction\":[{\"@type\":\"ReadAction\",\"target\":[\"https:\/\/musapekka.fi\/?page_id=13273\"]}]},{\"@type\":\"ImageObject\",\"inLanguage\":\"fi\",\"@id\":\"https:\/\/musapekka.fi\/?page_id=13273#primaryimage\",\"url\":\"https:\/\/musapekka.fi\/wp-content\/uploads\/2023\/08\/Mika_Varis-09.png\",\"contentUrl\":\"https:\/\/musapekka.fi\/wp-content\/uploads\/2023\/08\/Mika_Varis-09.png\",\"width\":2000,\"height\":2000},{\"@type\":\"BreadcrumbList\",\"@id\":\"https:\/\/musapekka.fi\/?page_id=13273#breadcrumb\",\"itemListElement\":[{\"@type\":\"ListItem\",\"position\":1,\"name\":\"Etusivu\",\"item\":\"https:\/\/musapekka.fi\/\"},{\"@type\":\"ListItem\",\"position\":2,\"name\":\"Mika Varis\"}]},{\"@type\":\"WebSite\",\"@id\":\"https:\/\/musapekka.fi\/#website\",\"url\":\"https:\/\/musapekka.fi\/\",\"name\":\"Musapekka\",\"description\":\"Musiikin opetusta joensuussa\",\"publisher\":{\"@id\":\"https:\/\/musapekka.fi\/#organization\"},\"potentialAction\":[{\"@type\":\"SearchAction\",\"target\":{\"@type\":\"EntryPoint\",\"urlTemplate\":\"https:\/\/musapekka.fi\/?s={search_term_string}\"},\"query-input\":{\"@type\":\"PropertyValueSpecification\",\"valueRequired\":true,\"valueName\":\"search_term_string\"}}],\"inLanguage\":\"fi\"},{\"@type\":\"Organization\",\"@id\":\"https:\/\/musapekka.fi\/#organization\",\"name\":\"Musapekka\",\"url\":\"https:\/\/musapekka.fi\/\",\"logo\":{\"@type\":\"ImageObject\",\"inLanguage\":\"fi\",\"@id\":\"https:\/\/musapekka.fi\/#\/schema\/logo\/image\/\",\"url\":\"https:\/\/musapekka.fi\/wp-content\/uploads\/2023\/08\/cropped-LogoMusa-Pekka.png\",\"contentUrl\":\"https:\/\/musapekka.fi\/wp-content\/uploads\/2023\/08\/cropped-LogoMusa-Pekka.png\",\"width\":500,\"height\":225,\"caption\":\"Musapekka\"},\"image\":{\"@id\":\"https:\/\/musapekka.fi\/#\/schema\/logo\/image\/\"}}]}<\/script>\n<!-- \/ Yoast SEO plugin. -->","yoast_head_json":{"title":"Mika Varis - Musapekka","robots":{"index":"index","follow":"follow","max-snippet":"max-snippet:-1","max-image-preview":"max-image-preview:large","max-video-preview":"max-video-preview:-1"},"canonical":"https:\/\/musapekka.fi\/?page_id=13273","og_locale":"fi_FI","og_type":"article","og_title":"Mika Varis - Musapekka","og_description":"https:\/\/youtu.be\/EJVtAv9YjDc \u00a0 \u00a0 Olen Mika, t\u00e4n\u00e4 vuonna nelj\u00e4nnelle vuosikymmenelle siirtyv\u00e4 Joensuusta kotoisin oleva mies. Olen valmistunut musiikkipedagogiksi Karelia AMK:sta 2020 ja medianomiksi 2011 (PKAMK). \u00a0 Kokemusta minulle on karttunut yksityisopetuksesta opintojen ajalta asti ja opintojen j\u00e4lkeen olen tehnyt laulunopetusta sivutoimisena. Laulu- ja musiikkikokemusta minulla...","og_url":"https:\/\/musapekka.fi\/?page_id=13273","og_site_name":"Musapekka","article_modified_time":"2023-10-26T07:37:59+00:00","og_image":[{"url":"https:\/\/musapekka.fi\/wp-content\/uploads\/2023\/08\/Mika_Varis-09-1024x1024.png","type":"","width":"","height":""}],"twitter_card":"summary_large_image","twitter_misc":{"Arvioitu lukuaika":"1 minuutti"},"schema":{"@context":"https:\/\/schema.org","@graph":[{"@type":"WebPage","@id":"https:\/\/musapekka.fi\/?page_id=13273","url":"https:\/\/musapekka.fi\/?page_id=13273","name":"Mika Varis - Musapekka","isPartOf":{"@id":"https:\/\/musapekka.fi\/#website"},"primaryImageOfPage":{"@id":"https:\/\/musapekka.fi\/?page_id=13273#primaryimage"},"image":{"@id":"https:\/\/musapekka.fi\/?page_id=13273#primaryimage"},"thumbnailUrl":"https:\/\/musapekka.fi\/wp-content\/uploads\/2023\/08\/Mika_Varis-09-1024x1024.png","datePublished":"2023-08-23T07:46:44+00:00","dateModified":"2023-10-26T07:37:59+00:00","breadcrumb":{"@id":"https:\/\/musapekka.fi\/?page_id=13273#breadcrumb"},"inLanguage":"fi","potentialAction":[{"@type":"ReadAction","target":["https:\/\/musapekka.fi\/?page_id=13273"]}]},{"@type":"ImageObject","inLanguage":"fi","@id":"https:\/\/musapekka.fi\/?page_id=13273#primaryimage","url":"https:\/\/musapekka.fi\/wp-content\/uploads\/2023\/08\/Mika_Varis-09.png","contentUrl":"https:\/\/musapekka.fi\/wp-content\/uploads\/2023\/08\/Mika_Varis-09.png","width":2000,"height":2000},{"@type":"BreadcrumbList","@id":"https:\/\/musapekka.fi\/?page_id=13273#breadcrumb","itemListElement":[{"@type":"ListItem","position":1,"name":"Etusivu","item":"https:\/\/musapekka.fi\/"},{"@type":"ListItem","position":2,"name":"Mika Varis"}]},{"@type":"WebSite","@id":"https:\/\/musapekka.fi\/#website","url":"https:\/\/musapekka.fi\/","name":"Musapekka","description":"Musiikin opetusta joensuussa","publisher":{"@id":"https:\/\/musapekka.fi\/#organization"},"potentialAction":[{"@type":"SearchAction","target":{"@type":"EntryPoint","urlTemplate":"https:\/\/musapekka.fi\/?s={search_term_string}"},"query-input":{"@type":"PropertyValueSpecification","valueRequired":true,"valueName":"search_term_string"}}],"inLanguage":"fi"},{"@type":"Organization","@id":"https:\/\/musapekka.fi\/#organization","name":"Musapekka","url":"https:\/\/musapekka.fi\/","logo":{"@type":"ImageObject","inLanguage":"fi","@id":"https:\/\/musapekka.fi\/#\/schema\/logo\/image\/","url":"https:\/\/musapekka.fi\/wp-content\/uploads\/2023\/08\/cropped-LogoMusa-Pekka.png","contentUrl":"https:\/\/musapekka.fi\/wp-content\/uploads\/2023\/08\/cropped-LogoMusa-Pekka.png","width":500,"height":225,"caption":"Musapekka"},"image":{"@id":"https:\/\/musapekka.fi\/#\/schema\/logo\/image\/"}}]}},"_links":{"self":[{"href":"https:\/\/musapekka.fi\/index.php?rest_route=\/wp\/v2\/pages\/13273","targetHints":{"allow":["GET"]}}],"collection":[{"href":"https:\/\/musapekka.fi\/index.php?rest_route=\/wp\/v2\/pages"}],"about":[{"href":"https:\/\/musapekka.fi\/index.php?rest_route=\/wp\/v2\/types\/page"}],"author":[{"embeddable":true,"href":"https:\/\/musapekka.fi\/index.php?rest_route=\/wp\/v2\/users\/1"}],"replies":[{"embeddable":true,"href":"https:\/\/musapekka.fi\/index.php?rest_route=%2Fwp%2Fv2%2Fcomments&post=13273"}],"version-history":[{"count":15,"href":"https:\/\/musapekka.fi\/index.php?rest_route=\/wp\/v2\/pages\/13273\/revisions"}],"predecessor-version":[{"id":13392,"href":"https:\/\/musapekka.fi\/index.php?rest_route=\/wp\/v2\/pages\/13273\/revisions\/13392"}],"wp:attachment":[{"href":"https:\/\/musapekka.fi\/index.php?rest_route=%2Fwp%2Fv2%2Fmedia&parent=13273"}],"curies":[{"name":"wp","href":"https:\/\/api.w.org\/{rel}","templated":true}]}}