{"id":13110,"date":"2023-08-09T22:44:50","date_gmt":"2023-08-09T22:44:50","guid":{"rendered":"https:\/\/musapekka.fi\/?page_id=13110"},"modified":"2025-08-19T08:20:07","modified_gmt":"2025-08-19T08:20:07","slug":"opetus","status":"publish","type":"page","link":"https:\/\/musapekka.fi\/?page_id=13110","title":{"rendered":"Opetus"},"content":{"rendered":"\t\t<div data-elementor-type=\"wp-page\" data-elementor-id=\"13110\" class=\"elementor elementor-13110\">\n\t\t\t\t\t\t<section class=\"elementor-section elementor-top-section elementor-element elementor-element-3223433 elementor-section-boxed elementor-section-height-default elementor-section-height-default\" data-id=\"3223433\" data-element_type=\"section\">\n\t\t\t\t\t\t<div class=\"elementor-container elementor-column-gap-default\">\n\t\t\t\t\t<div class=\"elementor-column elementor-col-50 elementor-top-column elementor-element elementor-element-78ba5de\" data-id=\"78ba5de\" data-element_type=\"column\">\n\t\t\t<div class=\"elementor-widget-wrap elementor-element-populated\">\n\t\t\t\t\t\t<div class=\"elementor-element elementor-element-bd04691 elementor-invisible elementor-widget elementor-widget-text-editor\" data-id=\"bd04691\" data-element_type=\"widget\" data-settings=\"{&quot;_animation&quot;:&quot;fadeInLeft&quot;}\" data-widget_type=\"text-editor.default\">\n\t\t\t\t<div class=\"elementor-widget-container\">\n\t\t\t\t\t\t\t\t\t<h6 data-start=\"795\" data-end=\"829\"><span style=\"color: #000000;\">\ud83c\udfb6 Opetus lukuvuonna 2025\u20132026<\/span><\/h6>\n<p data-start=\"833\" data-end=\"876\"><span style=\"color: #000000;\"><strong data-start=\"833\" data-end=\"851\">Syyslukukausi:<\/strong> 28.8.2025 \u2013 16.12.2025<\/span><\/p>\n<p data-start=\"879\" data-end=\"918\"><span style=\"color: #000000;\"><strong data-start=\"879\" data-end=\"898\">Kev\u00e4tlukukausi:<\/strong> 7.1.2026 \u2013 4.5.2026<\/span><\/p>\n<p class=\"p1\" style=\"text-align: center;\">\u00a0<\/p>\t\t\t\t\t\t\t\t<\/div>\n\t\t\t\t<\/div>\n\t\t\t\t\t<\/div>\n\t\t<\/div>\n\t\t\t\t<div class=\"elementor-column elementor-col-50 elementor-top-column elementor-element elementor-element-a15b416\" data-id=\"a15b416\" data-element_type=\"column\">\n\t\t\t<div class=\"elementor-widget-wrap elementor-element-populated\">\n\t\t\t\t\t\t<div class=\"elementor-element elementor-element-61cd05c elementor-invisible elementor-widget elementor-widget-text-editor\" data-id=\"61cd05c\" data-element_type=\"widget\" data-settings=\"{&quot;_animation&quot;:&quot;fadeInRight&quot;}\" data-widget_type=\"text-editor.default\">\n\t\t\t\t<div class=\"elementor-widget-container\">\n\t\t\t\t\t\t\t\t\t<h6 style=\"text-align: center;\" data-start=\"1104\" data-end=\"1142\"><span style=\"color: #000000;\">\ud83d\uddd3\ufe0f Loma-ajat lukuvuonna 2025\u20132026<\/span><\/h6>\n<p style=\"text-align: center;\" data-start=\"1146\" data-end=\"1185\"><span style=\"color: #000000;\"><strong data-start=\"1146\" data-end=\"1159\">Syysloma:<\/strong> 13.\u201319.10.2025 (vko 42)<\/span><\/p>\n<p style=\"text-align: center;\" data-start=\"1188\" data-end=\"1230\"><span style=\"color: #000000;\"><strong data-start=\"1188\" data-end=\"1209\">Itsen\u00e4isyysp\u00e4iv\u00e4:<\/strong> lauantai 6.12.2025<\/span><\/p>\n<p style=\"text-align: center;\" data-start=\"1233\" data-end=\"1270\"><span style=\"color: #000000;\"><strong data-start=\"1233\" data-end=\"1247\">Talviloma:<\/strong> 3.\u20139.3.2026 (vko 10)<\/span><\/p>\n<p style=\"text-align: center;\" data-start=\"1273\" data-end=\"1310\"><span style=\"color: #000000;\"><strong data-start=\"1273\" data-end=\"1288\">P\u00e4\u00e4si\u00e4inen:<\/strong> 3.\u20136.4.2026 (pe\u2013ma)<\/span><\/p>\n<p style=\"text-align: center;\" data-start=\"1313\" data-end=\"1342\"><span style=\"color: #000000;\"><strong data-start=\"1313\" data-end=\"1323\">Vappu:<\/strong> perjantai 1.5.2026<\/span><\/p>\t\t\t\t\t\t\t\t<\/div>\n\t\t\t\t<\/div>\n\t\t\t\t\t<\/div>\n\t\t<\/div>\n\t\t\t\t\t<\/div>\n\t\t<\/section>\n\t\t\t\t<section class=\"elementor-section elementor-top-section elementor-element elementor-element-f1d4839 elementor-section-boxed elementor-section-height-default elementor-section-height-default\" data-id=\"f1d4839\" data-element_type=\"section\">\n\t\t\t\t\t\t<div class=\"elementor-container elementor-column-gap-default\">\n\t\t\t\t\t<div class=\"elementor-column elementor-col-100 elementor-top-column elementor-element elementor-element-c5c5847\" data-id=\"c5c5847\" data-element_type=\"column\">\n\t\t\t<div class=\"elementor-widget-wrap elementor-element-populated\">\n\t\t\t\t\t\t<div class=\"elementor-element elementor-element-e49b884 elementor-widget elementor-widget-text-editor\" data-id=\"e49b884\" data-element_type=\"widget\" data-widget_type=\"text-editor.default\">\n\t\t\t\t<div class=\"elementor-widget-container\">\n\t\t\t\t\t\t\t\t\t<h5><span style=\"color: #504741; font-family: Montserrat, 'Helvetica Neue', Arial, sans-serif; font-size: 2.4em; letter-spacing: -0.8px;\">Opettajat<\/span><\/h5>\n<p><span style=\"color: #504741; font-family: Montserrat, 'Helvetica Neue', Arial, sans-serif; font-size: 2.4em; letter-spacing: -0.8px;\">K<\/span><span style=\"color: #504741; font-family: Montserrat, 'Helvetica Neue', Arial, sans-serif; font-size: 2.4em; letter-spacing: -0.8px;\">itara<\/span><\/p>\n<p><!-- \/wp:heading --><!-- wp:paragraph --><\/p>\n<p><!-- \/wp:paragraph --><!-- wp:paragraph --><\/p>\n<p><span style=\"color: #808000;\"><a style=\"color: #808000;\" href=\"https:\/\/musapekka.fi\/?page_id=12970\" data-type=\"page\" data-id=\"12970\">Pesonen&nbsp;Eetu<\/a><\/span><\/p>\n<p><!-- \/wp:paragraph --><!-- wp:heading {\"level\":1} --><\/p>\n<h1 class=\"wp-block-heading\">Kosketinsoittimet ja piano:<\/h1>\n<p><!-- \/wp:heading --><!-- wp:paragraph --><\/p>\n<h1 class=\"wp-block-heading\"><span style=\"color: #666666; font-family: Roboto, Arial, Helvetica, sans-serif;\"><span style=\"font-size: 16px; letter-spacing: normal;\">Hirvikangas Olli<\/span><\/span><\/h1>\n<h1 class=\"wp-block-heading\">Rummut:<\/h1>\n<p><!-- \/wp:heading --><!-- wp:paragraph --><\/p>\n<p><span style=\"color: #808000;\"><a style=\"color: #808000;\" href=\"https:\/\/musapekka.fi\/?page_id=13365\">H\u00e4rk\u00f6nen Juuso<\/a><\/span><\/p>\n<p><\/p>\n<h1 class=\"wp-block-heading\">Laulu<\/h1>\n<p><\/p>\n<p><!-- \/wp:paragraph --><!-- wp:paragraph --><\/p>\n<p>Tiljander Maija<\/p>\n<p><span style=\"color: #808000;\"><a style=\"color: #808000;\" href=\"https:\/\/musapekka.fi\/?page_id=13273\" target=\"_blank\" rel=\"noopener\">Varis Mika<\/a><\/span><\/p>\n<p><!-- \/wp:paragraph --><!-- wp:heading {\"level\":1} --><\/p>\n<h1 class=\"wp-block-heading\">Basso<\/h1><div><br><\/div>\n<p><!-- \/wp:paragraph --><!-- wp:heading {\"level\":1} --><\/p>\n<h1 class=\"wp-block-heading\">Saksofoni<\/h1>\n<p><!-- \/wp:heading --><!-- wp:paragraph --><\/p>\n<p>Makkonen&nbsp;Petrus<\/p>\n<p><!-- \/wp:paragraph --><!-- wp:heading {\"level\":1} --><\/p>\n<h1 class=\"wp-block-heading\">Huilu<\/h1>\n<p><!-- \/wp:heading --><!-- wp:paragraph --><\/p>\n<p>Makkonen&nbsp;Petrus<\/p>\n<p><!-- \/wp:paragraph --><!-- wp:heading {\"level\":1} --><\/p>\n<h1 class=\"wp-block-heading\">Viulu ja alttoviulu<\/h1>\n<p><!-- \/wp:heading --><!-- wp:paragraph --><\/p>\n<p>Hirvikangas Olli<\/p>\n<p><!-- \/wp:paragraph --><!-- wp:paragraph --><\/p>\n<p>Karhu Liisa<\/p>\n<p><!-- \/wp:paragraph --><!-- wp:heading --><\/p>\n<h2 class=\"wp-block-heading\">Ukulele<\/h2>\n<p><!-- \/wp:heading --><!-- wp:paragraph --><\/p>\n<p><span style=\"color: #808000;\"><a style=\"color: #808000;\" href=\"https:\/\/musapekka.fi\/?page_id=12973\" data-type=\"page\" data-id=\"12973\">Havukainen Petri<\/a><\/span><\/p>\n<p><span style=\"color: #808000;\"><!-- \/wp:paragraph --><!-- wp:paragraph --><\/span><\/p>\n<p><span style=\"color: #808000;\"><a style=\"color: #808000;\" href=\"https:\/\/musapekka.fi\/?page_id=12970\" data-type=\"page\" data-id=\"12970\">Pesonen Eetu<\/a><\/span><\/p>\t\t\t\t\t\t\t\t<\/div>\n\t\t\t\t<\/div>\n\t\t\t\t\t<\/div>\n\t\t<\/div>\n\t\t\t\t\t<\/div>\n\t\t<\/section>\n\t\t\t\t<section class=\"elementor-section elementor-top-section elementor-element elementor-element-8ff0b40 elementor-section-boxed elementor-section-height-default elementor-section-height-default\" data-id=\"8ff0b40\" data-element_type=\"section\">\n\t\t\t\t\t\t<div class=\"elementor-container elementor-column-gap-default\">\n\t\t\t\t\t<div class=\"elementor-column elementor-col-100 elementor-top-column elementor-element elementor-element-58aaa08\" data-id=\"58aaa08\" data-element_type=\"column\">\n\t\t\t<div class=\"elementor-widget-wrap elementor-element-populated\">\n\t\t\t\t\t\t<div class=\"elementor-element elementor-element-3e9ffd0 elementor-widget elementor-widget-text-editor\" data-id=\"3e9ffd0\" data-element_type=\"widget\" data-widget_type=\"text-editor.default\">\n\t\t\t\t<div class=\"elementor-widget-container\">\n\t\t\t\t\t\t\t\t\t<h2><span style=\"color: #000000;\">Yleist\u00e4 opetuksesta<\/span><\/h2>\n<p><span style=\"color: #000000;\">Musa-Pekan opetustarjonta kattaa kitaran, ukulelen, kanteleen, basson, huilun, saksofonin, viulun, rumpujen, laulun, kosketinsoittimien opetuksen sek\u00e4 b\u00e4nditoiminnan. Lis\u00e4ksi kysynn\u00e4n mukaan j\u00e4rjestet\u00e4\u00e4n musiikinteorian opetusta sek\u00e4 rumpujen virityskursseja. Musa-Pekka pyrkii antamaan kaiken ik\u00e4isille, alkutaidoista riippumattoman mahdollisuuden opiskella soittamista. Siksi Musa-Pekkaan ei ole edelleenk\u00e4\u00e4n p\u00e4\u00e4sykoetta tai ik\u00e4rajaa, vain halu harrastaa riitt\u00e4\u00e4. Oppilaittemme ik\u00e4jakauma onkin laaja \u2013 5-vuotiaista 70-vuotiaisiin. Toki kullekin soittimelle on omat suositeltavat aloitusik\u00e4ns\u00e4. Niist\u00e4 kannattaa kys\u00e4ist\u00e4 ennen ilmoittautumista.Opetus r\u00e4\u00e4t\u00e4l\u00f6id\u00e4\u00e4n henkil\u00f6kohtaisesti opiskelijan taitojen ja tarpeiden mukaisesti. N\u00e4in jokainen soittaja saa tasonsa mukaista opetusta. Opetus aloitetaan tarvittaessa aivan alkeista eik\u00e4 aikaisempaa soittokokemusta tarvitse olla. Voit tulla aivan sellaisena kuin olet. Musa-Pekassa ei tarvitse arkailla! Opettajakuntamme koostuu musiikin ammattilaisista tai sille alalle valmistuvista nuorekkaista ja osaavista ihmisist\u00e4, jotka omalla innokkuudellaan antavat potkua my\u00f6s nuorille ja vanhemmille musiikin harrastajille.<\/span><\/p>\n<h2><span style=\"color: #000000;\">Oppitunnit<\/span><\/h2>\n<p><span style=\"color: #000000;\">Oppituntimme ovat joko 30 minuutin tai 45 minuutin mittaisia. Syys- ja kev\u00e4tkausi on 14 viikon mittainen. Kes\u00e4kurssimme kest\u00e4v\u00e4t 8 viikkoa. Koulujen syys- ja hiihtoloman aikaan lomailemme mekin. Kokemuksen perusteella olemme huomanneet, ett\u00e4 30 minuuttia riitt\u00e4\u00e4 hyvin edellisen tunnin asioiden kertaamiseen ja uuden oppimiseen. Pidemm\u00e4tkin oppitunnit ovat mahdollisia ja niist\u00e4 voidaan sopia erikseen. Opetusajat ovat p\u00e4\u00e4s\u00e4\u00e4nt\u00f6isesti maanantaista perjantaihin klo 14 \u2013 21 ellei muuta sovita. My\u00f6s viikonloppuisin on mahdollista saada opetusta. Yksil\u00f6opetuksessa edistyminen saattaa olla nopeampaa, mutta toisaalta ryhm\u00e4opetuksessa etuna on se, ett\u00e4 opiskelija oppii my\u00f6s opiskelukavereiltaan eli vertaisryhm\u00e4lt\u00e4\u00e4n sek\u00e4 samalla oppii kuuntelemaan muiden soittoa ja huomioimaan se omassa soitossaan.<\/span><\/p>\n<h2><span style=\"color: #000000;\">Poissaolot<\/span><\/h2>\n<p><span style=\"color: #000000;\">Opettaja ei ole velvollinen korvaamaan oppilaan poissaokoja. Mik\u00e4li oppitunti joudutaan perumaan opettajasta johtuvasta syyst\u00e4, se aina korvataan oppilaalle toisena ajankohtana joko siirt\u00e4m\u00e4ll\u00e4 oppitunti kauden loppuun tai muuna oppilaalle sopivana ajankohtana.Tutustu opetustarjontaamme ja ilmoittaudu joko\u00a0<a style=\"color: #000000;\" href=\"https:\/\/www.musapekka.fi\/ilmoittaudu\/\">lomakkeellamme<\/a>\u00a0tai soittamalla. Voit my\u00f6s l\u00e4hesty\u00e4 kysymyksin esim. s\u00e4hk\u00f6postia l\u00e4hett\u00e4m\u00e4ll\u00e4.<\/span><\/p>\n<h2><span style=\"color: #000000;\">Opetustilat<\/span><\/h2>\n<p><span style=\"color: #000000;\">Musa-Pekka vuokraa akustiikaltaan erinomaisia tiloja, joissa on laadukkaat soittimet valmiina. Sinun on helppo tulla opettamaan tai harjoittelemaan siisteihin ja kodinomaisiin tiloihin, kun soittimet ja ymp\u00e4rist\u00f6 on kunnossa. Musa-Pekan sijaitsee Joensuun keskustassa ja monien kulkuyhteyksien vieress\u00e4.Voit vuokrata tiloja opetusk\u00e4ytt\u00f6\u00f6si tai oman instrumentin soittamiseen.\u00a0Voit vuokrata esim. illan tai p\u00e4iv\u00e4n viikossa ja opettaa niin paljon oppilaitasi kuin haluat. T\u00e4m\u00e4 tulee huomattavasti edullisemmaksi kuin maksaa vuokraa koko kuukaudelta.Ehk\u00e4 tarvitset perherauhan tai naapurisovun s\u00e4ilytt\u00e4\u00e4ksesi paikan, jossa k\u00e4yd\u00e4 treenailemassa esim. rumpuja tai harjoittelemassa laulamista. Siihenkin meilt\u00e4 l\u00f6ytyy vaihtoehto.Seuraavasta linkist\u00e4 voit tarkistaa mit\u00e4 opetusv\u00e4lineit\u00e4 on k\u00e4yt\u00f6ss\u00e4si:\u00a0<a style=\"color: #000000;\" href=\"http:\/\/www.musapekka.fi\/domains\/musapekka.fi\/public_html\/uudet\/opetuksesta\/opetusvalineet\/\" target=\"_blank\" rel=\"noreferrer noopener\">Opetusv\u00e4lineet<\/a>.Tiloissa on wc ja varusteltu keitti\u00f6, jossa on mm. kahvin- ja vedenkeitin, mikro ja j\u00e4\u00e4kaappi. Langaton verkko sek\u00e4 tulostusmahdollisuus ovat my\u00f6s k\u00e4ytett\u00e4viss\u00e4si.Voit vuokrata tiloja vain opetustuntiesi ajoiksi \u2013 Sinun ei tarvitse siis maksaa k\u00e4ytt\u00e4m\u00e4tt\u00f6m\u00e4st\u00e4 ajasta. Sinulla on taito \u2013 meill\u00e4 tilat!Ota yhteytt\u00e4 ja kysy lis\u00e4\u00e4!<\/span><\/p>\n<h2><span style=\"color: #000000;\">Oma Harjoittelu<\/span><\/h2>\n<p><span style=\"color: #000000;\">Oman harjoittelun merkityst\u00e4 ei voi koskaan ylikorostaa! Pelkk\u00e4 soittotunneilla k\u00e4yminen ei valitettavasti tee kenest\u00e4k\u00e4\u00e4n hyv\u00e4\u00e4 soittajaa, vaikka kuinka hauskaa tunneilla olisikin. Oma soitin olisikin hyv\u00e4 hankkia jo mahdollisimman aikaisessa vaiheessa.T\u00e4ss\u00e4\u00a0muutamia t\u00e4rkeit\u00e4 asioita harjoittelemisesta:<\/span><\/p>\n<p style=\"padding-left: 40px;\"><span style=\"color: #000000;\">Harjoittele niin usein kuin mahdollista, mieluiten p\u00e4ivitt\u00e4in. Edistymisnopeutesi riippuu harjoittelun s\u00e4\u00e4nn\u00f6llisyydest\u00e4. Vasta sen j\u00e4lkeen tulevat musiikkitaustasi ja motoriikkasi.<\/span><\/p>\n<p style=\"padding-left: 40px;\"><span style=\"color: #000000;\">Sinnik\u00e4s ty\u00f6 tuottaa nopeimmin tulosta.<\/span><\/p>\n<p style=\"padding-left: 40px;\"><span style=\"color: #000000;\">Jokaiseen treenikertaan kannattaa sis\u00e4llytt\u00e4\u00e4 tekniikka- ja skaalaharjoituksia. Ne ovat ehk\u00e4 tyls\u00e4n tuntuisia, mutta eritt\u00e4in tehokkaita.<\/span><\/p>\n<p style=\"padding-left: 40px;\"><span style=\"color: #000000;\">Tee harjoitukset niin hitaasti, ett\u00e4 ne sujuvat hyvin. Lis\u00e4\u00e4 nopeutta v\u00e4hitellen taidon karttuessa.<\/span><\/p>\n<p style=\"padding-left: 40px;\"><span style=\"color: #000000;\">Toista vaikeita kohtia niin kauan, kunnes opit ne.<\/span><\/p>\n<p style=\"padding-left: 40px;\"><span style=\"color: #000000;\">Soittamisen ei tarvitse muodostua v\u00e4kisin pakertamiseksi. Pid\u00e4 tauko, jos sinua kyll\u00e4stytt\u00e4\u00e4.<\/span><\/p>\n<p style=\"padding-left: 40px;\"><span style=\"color: #000000;\">Harjoitteluun k\u00e4ytt\u00e4m\u00e4si ajan saat takaisin opittuina taitoina!<\/span><\/p>\n<h2><span style=\"color: #000000;\">Opetusv\u00e4lineet<\/span><\/h2>\n<p><span style=\"font-size: 1rem; color: #000000;\">Oppilailla tulisi olla omat soittimet kotiharjoittelua varten mieluiten heti alusta asti tai ne tulisi hankkia mahdollisimman pikaisesti opiskelun alettua. Musa-Pekalla on opetusty\u00f6h\u00f6n k\u00e4yt\u00f6ss\u00e4 muun muassa seuraavat soittimet:<\/span><\/p>\n<h2><span style=\"color: #000000;\">Kitara<\/span><\/h2>\n<ul style=\"color: #666666; font-family: Roboto, Arial, Helvetica, sans-serif;\">\n<li><span style=\"color: #000000;\">2 x Tech 21 Trademark 60<\/span><\/li>\n<li><span style=\"color: #000000;\">3 x Vox AD30<\/span><\/li>\n<li><span style=\"color: #000000;\">2 x Marshall 100 DFX<\/span><\/li>\n<li><span style=\"color: #000000;\">2 x Vox DA5<\/span><\/li>\n<li><span style=\"color: #000000;\">1 Blackstar HT-50 ja Blackstar Series one 412<\/span><\/li>\n<li><span style=\"color: #000000;\">Musa-Pekalla on akustisia ja s\u00e4hk\u00f6kitaroita oppilaiden k\u00e4ytt\u00f6\u00f6n, mik\u00e4li omaa soitinta ei pysty ottamaan mukaan oppitunnille.<\/span><\/li>\n<\/ul>\n<h2><span style=\"color: #000000;\">Basso<\/span><\/h2>\n<ul style=\"color: #666666; font-family: Roboto, Arial, Helvetica, sans-serif;\">\n<li><span style=\"color: #000000;\">Hartke A 100<\/span><\/li>\n<li><span style=\"color: #000000;\">Fender Bassman Ten (klassikko!)<\/span><\/li>\n<li><span style=\"color: #000000;\">Bassokitaroita oppilask\u00e4ytt\u00f6\u00f6n.<\/span><\/li>\n<\/ul>\n<h2><span style=\"color: #000000;\">Rummut<\/span><\/h2>\n<ul style=\"color: #666666; font-family: Roboto, Arial, Helvetica, sans-serif;\">\n<li><span style=\"color: #000000;\">DW USA Collectors Series Custom Shop<\/span><\/li>\n<li><span style=\"color: #000000;\">Sonor Delite -setti<\/span><\/li>\n<li><span style=\"color: #000000;\">Gretsch New Classic<\/span><\/li>\n<li><span style=\"color: #000000;\">paljon muita ly\u00f6m\u00e4soittimia kuten congat, bongot, cajon, tamburiineja, lehm\u00e4nkelloja yms.<\/span><\/li>\n<\/ul>\n<h2><span style=\"color: #000000;\">Kosketinsoittimet<\/span><\/h2>\n<ul style=\"color: #666666; font-family: Roboto, Arial, Helvetica, sans-serif;\">\n<li><span style=\"color: #000000;\">3 x Yamaha Clavinova<\/span><\/li>\n<li><span style=\"color: #000000;\">Yamaha- ja Fazer-akustiset pianot<\/span><\/li>\n<\/ul>\n<h2><span style=\"color: #000000;\">PA-laitteet<\/span><\/h2>\n<ul style=\"color: #666666; font-family: Roboto, Arial, Helvetica, sans-serif;\">\n<li><span style=\"color: #000000;\">Fishmann SA220 SoloAmp<\/span><\/li>\n<li><span style=\"color: #000000;\">Bose L1 Compact System<\/span><\/li>\n<li><span style=\"color: #000000;\">Bose L1 + subwooferKaraokelaitteet:<\/span><\/li>\n<li><span style=\"color: #000000;\">Madboy Remix-32<\/span><\/li>\n<\/ul>\t\t\t\t\t\t\t\t<\/div>\n\t\t\t\t<\/div>\n\t\t\t\t\t<\/div>\n\t\t<\/div>\n\t\t\t\t\t<\/div>\n\t\t<\/section>\n\t\t\t\t<section class=\"elementor-section elementor-top-section elementor-element elementor-element-f6cf5ee elementor-section-boxed elementor-section-height-default elementor-section-height-default\" data-id=\"f6cf5ee\" data-element_type=\"section\">\n\t\t\t\t\t\t<div class=\"elementor-container elementor-column-gap-default\">\n\t\t\t\t\t<div class=\"elementor-column elementor-col-50 elementor-top-column elementor-element elementor-element-44217a1\" data-id=\"44217a1\" data-element_type=\"column\">\n\t\t\t<div class=\"elementor-widget-wrap\">\n\t\t\t\t\t\t\t<\/div>\n\t\t<\/div>\n\t\t\t\t<div class=\"elementor-column elementor-col-50 elementor-top-column elementor-element elementor-element-bbe72e3\" data-id=\"bbe72e3\" data-element_type=\"column\">\n\t\t\t<div class=\"elementor-widget-wrap\">\n\t\t\t\t\t\t\t<\/div>\n\t\t<\/div>\n\t\t\t\t\t<\/div>\n\t\t<\/section>\n\t\t\t\t<\/div>\n\t\t","protected":false},"excerpt":{"rendered":"<p>\ud83c\udfb6 Opetus lukuvuonna 2025\u20132026 Syyslukukausi: 28.8.2025 \u2013 16.12.2025 Kev\u00e4tlukukausi: 7.1.2026 \u2013 4.5.2026 \u00a0 \ud83d\uddd3\ufe0f Loma-ajat lukuvuonna 2025\u20132026 Syysloma: 13.\u201319.10.2025 (vko 42) Itsen\u00e4isyysp\u00e4iv\u00e4: lauantai 6.12.2025 Talviloma: 3.\u20139.3.2026 (vko 10) P\u00e4\u00e4si\u00e4inen: 3.\u20136.4.2026 (pe\u2013ma) Vappu: perjantai 1.5.2026 Opettajat Kitara Pesonen&nbsp;Eetu Kosketinsoittimet ja piano: Hirvikangas Olli Rummut: H\u00e4rk\u00f6nen&#8230;<\/p>\n","protected":false},"author":1,"featured_media":0,"parent":0,"menu_order":0,"comment_status":"closed","ping_status":"closed","template":"","meta":{"footnotes":""},"class_list":["post-13110","page","type-page","status-publish","hentry"],"yoast_head":"<!-- This site is optimized with the Yoast SEO plugin v25.9 - https:\/\/yoast.com\/wordpress\/plugins\/seo\/ -->\n<title>Opetus - Musapekka<\/title>\n<meta name=\"robots\" content=\"index, follow, max-snippet:-1, max-image-preview:large, max-video-preview:-1\" \/>\n<link rel=\"canonical\" href=\"https:\/\/musapekka.fi\/?page_id=13110\" \/>\n<meta property=\"og:locale\" content=\"fi_FI\" \/>\n<meta property=\"og:type\" content=\"article\" \/>\n<meta property=\"og:title\" content=\"Opetus - Musapekka\" \/>\n<meta property=\"og:description\" content=\"\ud83c\udfb6 Opetus lukuvuonna 2025\u20132026 Syyslukukausi: 28.8.2025 \u2013 16.12.2025 Kev\u00e4tlukukausi: 7.1.2026 \u2013 4.5.2026 \u00a0 \ud83d\uddd3\ufe0f Loma-ajat lukuvuonna 2025\u20132026 Syysloma: 13.\u201319.10.2025 (vko 42) Itsen\u00e4isyysp\u00e4iv\u00e4: lauantai 6.12.2025 Talviloma: 3.\u20139.3.2026 (vko 10) P\u00e4\u00e4si\u00e4inen: 3.\u20136.4.2026 (pe\u2013ma) Vappu: perjantai 1.5.2026 Opettajat Kitara Pesonen&nbsp;Eetu Kosketinsoittimet ja piano: Hirvikangas Olli Rummut: H\u00e4rk\u00f6nen...\" \/>\n<meta property=\"og:url\" content=\"https:\/\/musapekka.fi\/?page_id=13110\" \/>\n<meta property=\"og:site_name\" content=\"Musapekka\" \/>\n<meta property=\"article:modified_time\" content=\"2025-08-19T08:20:07+00:00\" \/>\n<meta name=\"twitter:card\" content=\"summary_large_image\" \/>\n<meta name=\"twitter:label1\" content=\"Arvioitu lukuaika\" \/>\n\t<meta name=\"twitter:data1\" content=\"5 minuuttia\" \/>\n<script type=\"application\/ld+json\" class=\"yoast-schema-graph\">{\"@context\":\"https:\/\/schema.org\",\"@graph\":[{\"@type\":\"WebPage\",\"@id\":\"https:\/\/musapekka.fi\/?page_id=13110\",\"url\":\"https:\/\/musapekka.fi\/?page_id=13110\",\"name\":\"Opetus - Musapekka\",\"isPartOf\":{\"@id\":\"https:\/\/musapekka.fi\/#website\"},\"datePublished\":\"2023-08-09T22:44:50+00:00\",\"dateModified\":\"2025-08-19T08:20:07+00:00\",\"breadcrumb\":{\"@id\":\"https:\/\/musapekka.fi\/?page_id=13110#breadcrumb\"},\"inLanguage\":\"fi\",\"potentialAction\":[{\"@type\":\"ReadAction\",\"target\":[\"https:\/\/musapekka.fi\/?page_id=13110\"]}]},{\"@type\":\"BreadcrumbList\",\"@id\":\"https:\/\/musapekka.fi\/?page_id=13110#breadcrumb\",\"itemListElement\":[{\"@type\":\"ListItem\",\"position\":1,\"name\":\"Etusivu\",\"item\":\"https:\/\/musapekka.fi\/\"},{\"@type\":\"ListItem\",\"position\":2,\"name\":\"Opetus\"}]},{\"@type\":\"WebSite\",\"@id\":\"https:\/\/musapekka.fi\/#website\",\"url\":\"https:\/\/musapekka.fi\/\",\"name\":\"Musapekka\",\"description\":\"Musiikin opetusta joensuussa\",\"publisher\":{\"@id\":\"https:\/\/musapekka.fi\/#organization\"},\"potentialAction\":[{\"@type\":\"SearchAction\",\"target\":{\"@type\":\"EntryPoint\",\"urlTemplate\":\"https:\/\/musapekka.fi\/?s={search_term_string}\"},\"query-input\":{\"@type\":\"PropertyValueSpecification\",\"valueRequired\":true,\"valueName\":\"search_term_string\"}}],\"inLanguage\":\"fi\"},{\"@type\":\"Organization\",\"@id\":\"https:\/\/musapekka.fi\/#organization\",\"name\":\"Musapekka\",\"url\":\"https:\/\/musapekka.fi\/\",\"logo\":{\"@type\":\"ImageObject\",\"inLanguage\":\"fi\",\"@id\":\"https:\/\/musapekka.fi\/#\/schema\/logo\/image\/\",\"url\":\"https:\/\/musapekka.fi\/wp-content\/uploads\/2023\/08\/cropped-LogoMusa-Pekka.png\",\"contentUrl\":\"https:\/\/musapekka.fi\/wp-content\/uploads\/2023\/08\/cropped-LogoMusa-Pekka.png\",\"width\":500,\"height\":225,\"caption\":\"Musapekka\"},\"image\":{\"@id\":\"https:\/\/musapekka.fi\/#\/schema\/logo\/image\/\"}}]}<\/script>\n<!-- \/ Yoast SEO plugin. -->","yoast_head_json":{"title":"Opetus - Musapekka","robots":{"index":"index","follow":"follow","max-snippet":"max-snippet:-1","max-image-preview":"max-image-preview:large","max-video-preview":"max-video-preview:-1"},"canonical":"https:\/\/musapekka.fi\/?page_id=13110","og_locale":"fi_FI","og_type":"article","og_title":"Opetus - Musapekka","og_description":"\ud83c\udfb6 Opetus lukuvuonna 2025\u20132026 Syyslukukausi: 28.8.2025 \u2013 16.12.2025 Kev\u00e4tlukukausi: 7.1.2026 \u2013 4.5.2026 \u00a0 \ud83d\uddd3\ufe0f Loma-ajat lukuvuonna 2025\u20132026 Syysloma: 13.\u201319.10.2025 (vko 42) Itsen\u00e4isyysp\u00e4iv\u00e4: lauantai 6.12.2025 Talviloma: 3.\u20139.3.2026 (vko 10) P\u00e4\u00e4si\u00e4inen: 3.\u20136.4.2026 (pe\u2013ma) Vappu: perjantai 1.5.2026 Opettajat Kitara Pesonen&nbsp;Eetu Kosketinsoittimet ja piano: Hirvikangas Olli Rummut: H\u00e4rk\u00f6nen...","og_url":"https:\/\/musapekka.fi\/?page_id=13110","og_site_name":"Musapekka","article_modified_time":"2025-08-19T08:20:07+00:00","twitter_card":"summary_large_image","twitter_misc":{"Arvioitu lukuaika":"5 minuuttia"},"schema":{"@context":"https:\/\/schema.org","@graph":[{"@type":"WebPage","@id":"https:\/\/musapekka.fi\/?page_id=13110","url":"https:\/\/musapekka.fi\/?page_id=13110","name":"Opetus - Musapekka","isPartOf":{"@id":"https:\/\/musapekka.fi\/#website"},"datePublished":"2023-08-09T22:44:50+00:00","dateModified":"2025-08-19T08:20:07+00:00","breadcrumb":{"@id":"https:\/\/musapekka.fi\/?page_id=13110#breadcrumb"},"inLanguage":"fi","potentialAction":[{"@type":"ReadAction","target":["https:\/\/musapekka.fi\/?page_id=13110"]}]},{"@type":"BreadcrumbList","@id":"https:\/\/musapekka.fi\/?page_id=13110#breadcrumb","itemListElement":[{"@type":"ListItem","position":1,"name":"Etusivu","item":"https:\/\/musapekka.fi\/"},{"@type":"ListItem","position":2,"name":"Opetus"}]},{"@type":"WebSite","@id":"https:\/\/musapekka.fi\/#website","url":"https:\/\/musapekka.fi\/","name":"Musapekka","description":"Musiikin opetusta joensuussa","publisher":{"@id":"https:\/\/musapekka.fi\/#organization"},"potentialAction":[{"@type":"SearchAction","target":{"@type":"EntryPoint","urlTemplate":"https:\/\/musapekka.fi\/?s={search_term_string}"},"query-input":{"@type":"PropertyValueSpecification","valueRequired":true,"valueName":"search_term_string"}}],"inLanguage":"fi"},{"@type":"Organization","@id":"https:\/\/musapekka.fi\/#organization","name":"Musapekka","url":"https:\/\/musapekka.fi\/","logo":{"@type":"ImageObject","inLanguage":"fi","@id":"https:\/\/musapekka.fi\/#\/schema\/logo\/image\/","url":"https:\/\/musapekka.fi\/wp-content\/uploads\/2023\/08\/cropped-LogoMusa-Pekka.png","contentUrl":"https:\/\/musapekka.fi\/wp-content\/uploads\/2023\/08\/cropped-LogoMusa-Pekka.png","width":500,"height":225,"caption":"Musapekka"},"image":{"@id":"https:\/\/musapekka.fi\/#\/schema\/logo\/image\/"}}]}},"_links":{"self":[{"href":"https:\/\/musapekka.fi\/index.php?rest_route=\/wp\/v2\/pages\/13110","targetHints":{"allow":["GET"]}}],"collection":[{"href":"https:\/\/musapekka.fi\/index.php?rest_route=\/wp\/v2\/pages"}],"about":[{"href":"https:\/\/musapekka.fi\/index.php?rest_route=\/wp\/v2\/types\/page"}],"author":[{"embeddable":true,"href":"https:\/\/musapekka.fi\/index.php?rest_route=\/wp\/v2\/users\/1"}],"replies":[{"embeddable":true,"href":"https:\/\/musapekka.fi\/index.php?rest_route=%2Fwp%2Fv2%2Fcomments&post=13110"}],"version-history":[{"count":76,"href":"https:\/\/musapekka.fi\/index.php?rest_route=\/wp\/v2\/pages\/13110\/revisions"}],"predecessor-version":[{"id":13511,"href":"https:\/\/musapekka.fi\/index.php?rest_route=\/wp\/v2\/pages\/13110\/revisions\/13511"}],"wp:attachment":[{"href":"https:\/\/musapekka.fi\/index.php?rest_route=%2Fwp%2Fv2%2Fmedia&parent=13110"}],"curies":[{"name":"wp","href":"https:\/\/api.w.org\/{rel}","templated":true}]}}