{"id":12973,"date":"2023-05-21T15:16:16","date_gmt":"2023-05-21T15:16:16","guid":{"rendered":"https:\/\/musapekka.fi\/?page_id=12973"},"modified":"2023-05-21T15:16:16","modified_gmt":"2023-05-21T15:16:16","slug":"petri-havukainen","status":"publish","type":"page","link":"https:\/\/musapekka.fi\/?page_id=12973","title":{"rendered":"Petri Havukainen"},"content":{"rendered":"\n<figure class=\"wp-block-image size-full\"><img fetchpriority=\"high\" decoding=\"async\" width=\"1000\" height=\"667\" src=\"https:\/\/musapekka.fi\/wp-content\/uploads\/2023\/01\/bandi_web.jpg\" alt=\"\" class=\"wp-image-12909\" srcset=\"https:\/\/musapekka.fi\/wp-content\/uploads\/2023\/01\/bandi_web.jpg 1000w, https:\/\/musapekka.fi\/wp-content\/uploads\/2023\/01\/bandi_web-600x400.jpg 600w, https:\/\/musapekka.fi\/wp-content\/uploads\/2023\/01\/bandi_web-300x200.jpg 300w, https:\/\/musapekka.fi\/wp-content\/uploads\/2023\/01\/bandi_web-768x512.jpg 768w, https:\/\/musapekka.fi\/wp-content\/uploads\/2023\/01\/bandi_web-640x427.jpg 640w\" sizes=\"(max-width: 1000px) 100vw, 1000px\" \/><\/figure>\n\n\n\n<p class=\"has-text-align-center\">Toimin kitaran-, basson-, ja ukulelensoitonopettajana Musa Pekalla.<br>Valmistuin vuonna 2018 musiikkipedagogiksi Karelia AMK:sta.<br>Opetuksessani pyrin oppilasl\u00e4ht\u00f6isyyteen, eli l\u00e4ht\u00f6kohtaisesti<br>k\u00e4sittelemme tunneilla oppilaalle ajankohtaisia asioita mieluisten<br>biisien kautta. Opetust\u00f6iden lis\u00e4ksi toimin my\u00f6s muusikkona.<br>N\u00e4hd\u00e4\u00e4n tunneilla!<\/p>\n\n\n\n<p class=\"has-text-align-center\">-Pete<\/p>\n","protected":false},"excerpt":{"rendered":"<p>Toimin kitaran-, basson-, ja ukulelensoitonopettajana Musa Pekalla.Valmistuin vuonna 2018 musiikkipedagogiksi Karelia AMK:sta.Opetuksessani pyrin oppilasl\u00e4ht\u00f6isyyteen, eli l\u00e4ht\u00f6kohtaisestik\u00e4sittelemme tunneilla oppilaalle ajankohtaisia asioita mieluistenbiisien kautta. Opetust\u00f6iden lis\u00e4ksi toimin my\u00f6s muusikkona.N\u00e4hd\u00e4\u00e4n tunneilla! -Pete<\/p>\n","protected":false},"author":1,"featured_media":0,"parent":0,"menu_order":0,"comment_status":"closed","ping_status":"closed","template":"","meta":{"footnotes":""},"class_list":["post-12973","page","type-page","status-publish","hentry"],"yoast_head":"<!-- This site is optimized with the Yoast SEO plugin v25.9 - https:\/\/yoast.com\/wordpress\/plugins\/seo\/ -->\n<title>Petri Havukainen - Musapekka<\/title>\n<meta name=\"robots\" content=\"index, follow, max-snippet:-1, max-image-preview:large, max-video-preview:-1\" \/>\n<link rel=\"canonical\" href=\"https:\/\/musapekka.fi\/?page_id=12973\" \/>\n<meta property=\"og:locale\" content=\"fi_FI\" \/>\n<meta property=\"og:type\" content=\"article\" \/>\n<meta property=\"og:title\" content=\"Petri Havukainen - Musapekka\" \/>\n<meta property=\"og:description\" content=\"Toimin kitaran-, basson-, ja ukulelensoitonopettajana Musa Pekalla.Valmistuin vuonna 2018 musiikkipedagogiksi Karelia AMK:sta.Opetuksessani pyrin oppilasl\u00e4ht\u00f6isyyteen, eli l\u00e4ht\u00f6kohtaisestik\u00e4sittelemme tunneilla oppilaalle ajankohtaisia asioita mieluistenbiisien kautta. Opetust\u00f6iden lis\u00e4ksi toimin my\u00f6s muusikkona.N\u00e4hd\u00e4\u00e4n tunneilla! -Pete\" \/>\n<meta property=\"og:url\" content=\"https:\/\/musapekka.fi\/?page_id=12973\" \/>\n<meta property=\"og:site_name\" content=\"Musapekka\" \/>\n<meta property=\"og:image\" content=\"https:\/\/musapekka.fi\/wp-content\/uploads\/2023\/01\/bandi_web.jpg\" \/>\n<meta name=\"twitter:card\" content=\"summary_large_image\" \/>\n<script type=\"application\/ld+json\" class=\"yoast-schema-graph\">{\"@context\":\"https:\/\/schema.org\",\"@graph\":[{\"@type\":\"WebPage\",\"@id\":\"https:\/\/musapekka.fi\/?page_id=12973\",\"url\":\"https:\/\/musapekka.fi\/?page_id=12973\",\"name\":\"Petri Havukainen - Musapekka\",\"isPartOf\":{\"@id\":\"https:\/\/musapekka.fi\/#website\"},\"primaryImageOfPage\":{\"@id\":\"https:\/\/musapekka.fi\/?page_id=12973#primaryimage\"},\"image\":{\"@id\":\"https:\/\/musapekka.fi\/?page_id=12973#primaryimage\"},\"thumbnailUrl\":\"https:\/\/musapekka.fi\/wp-content\/uploads\/2023\/01\/bandi_web.jpg\",\"datePublished\":\"2023-05-21T15:16:16+00:00\",\"breadcrumb\":{\"@id\":\"https:\/\/musapekka.fi\/?page_id=12973#breadcrumb\"},\"inLanguage\":\"fi\",\"potentialAction\":[{\"@type\":\"ReadAction\",\"target\":[\"https:\/\/musapekka.fi\/?page_id=12973\"]}]},{\"@type\":\"ImageObject\",\"inLanguage\":\"fi\",\"@id\":\"https:\/\/musapekka.fi\/?page_id=12973#primaryimage\",\"url\":\"https:\/\/musapekka.fi\/wp-content\/uploads\/2023\/01\/bandi_web.jpg\",\"contentUrl\":\"https:\/\/musapekka.fi\/wp-content\/uploads\/2023\/01\/bandi_web.jpg\",\"width\":1000,\"height\":667,\"caption\":\"Treenitilat b\u00e4ndeille Joensuussa \u2013 Musa-Pekan soittohuone\"},{\"@type\":\"BreadcrumbList\",\"@id\":\"https:\/\/musapekka.fi\/?page_id=12973#breadcrumb\",\"itemListElement\":[{\"@type\":\"ListItem\",\"position\":1,\"name\":\"Etusivu\",\"item\":\"https:\/\/musapekka.fi\/\"},{\"@type\":\"ListItem\",\"position\":2,\"name\":\"Petri Havukainen\"}]},{\"@type\":\"WebSite\",\"@id\":\"https:\/\/musapekka.fi\/#website\",\"url\":\"https:\/\/musapekka.fi\/\",\"name\":\"Musapekka\",\"description\":\"Musiikin opetusta joensuussa\",\"publisher\":{\"@id\":\"https:\/\/musapekka.fi\/#organization\"},\"potentialAction\":[{\"@type\":\"SearchAction\",\"target\":{\"@type\":\"EntryPoint\",\"urlTemplate\":\"https:\/\/musapekka.fi\/?s={search_term_string}\"},\"query-input\":{\"@type\":\"PropertyValueSpecification\",\"valueRequired\":true,\"valueName\":\"search_term_string\"}}],\"inLanguage\":\"fi\"},{\"@type\":\"Organization\",\"@id\":\"https:\/\/musapekka.fi\/#organization\",\"name\":\"Musapekka\",\"url\":\"https:\/\/musapekka.fi\/\",\"logo\":{\"@type\":\"ImageObject\",\"inLanguage\":\"fi\",\"@id\":\"https:\/\/musapekka.fi\/#\/schema\/logo\/image\/\",\"url\":\"https:\/\/musapekka.fi\/wp-content\/uploads\/2023\/08\/cropped-LogoMusa-Pekka.png\",\"contentUrl\":\"https:\/\/musapekka.fi\/wp-content\/uploads\/2023\/08\/cropped-LogoMusa-Pekka.png\",\"width\":500,\"height\":225,\"caption\":\"Musapekka\"},\"image\":{\"@id\":\"https:\/\/musapekka.fi\/#\/schema\/logo\/image\/\"}}]}<\/script>\n<!-- \/ Yoast SEO plugin. -->","yoast_head_json":{"title":"Petri Havukainen - Musapekka","robots":{"index":"index","follow":"follow","max-snippet":"max-snippet:-1","max-image-preview":"max-image-preview:large","max-video-preview":"max-video-preview:-1"},"canonical":"https:\/\/musapekka.fi\/?page_id=12973","og_locale":"fi_FI","og_type":"article","og_title":"Petri Havukainen - Musapekka","og_description":"Toimin kitaran-, basson-, ja ukulelensoitonopettajana Musa Pekalla.Valmistuin vuonna 2018 musiikkipedagogiksi Karelia AMK:sta.Opetuksessani pyrin oppilasl\u00e4ht\u00f6isyyteen, eli l\u00e4ht\u00f6kohtaisestik\u00e4sittelemme tunneilla oppilaalle ajankohtaisia asioita mieluistenbiisien kautta. Opetust\u00f6iden lis\u00e4ksi toimin my\u00f6s muusikkona.N\u00e4hd\u00e4\u00e4n tunneilla! -Pete","og_url":"https:\/\/musapekka.fi\/?page_id=12973","og_site_name":"Musapekka","og_image":[{"url":"https:\/\/musapekka.fi\/wp-content\/uploads\/2023\/01\/bandi_web.jpg","type":"","width":"","height":""}],"twitter_card":"summary_large_image","schema":{"@context":"https:\/\/schema.org","@graph":[{"@type":"WebPage","@id":"https:\/\/musapekka.fi\/?page_id=12973","url":"https:\/\/musapekka.fi\/?page_id=12973","name":"Petri Havukainen - Musapekka","isPartOf":{"@id":"https:\/\/musapekka.fi\/#website"},"primaryImageOfPage":{"@id":"https:\/\/musapekka.fi\/?page_id=12973#primaryimage"},"image":{"@id":"https:\/\/musapekka.fi\/?page_id=12973#primaryimage"},"thumbnailUrl":"https:\/\/musapekka.fi\/wp-content\/uploads\/2023\/01\/bandi_web.jpg","datePublished":"2023-05-21T15:16:16+00:00","breadcrumb":{"@id":"https:\/\/musapekka.fi\/?page_id=12973#breadcrumb"},"inLanguage":"fi","potentialAction":[{"@type":"ReadAction","target":["https:\/\/musapekka.fi\/?page_id=12973"]}]},{"@type":"ImageObject","inLanguage":"fi","@id":"https:\/\/musapekka.fi\/?page_id=12973#primaryimage","url":"https:\/\/musapekka.fi\/wp-content\/uploads\/2023\/01\/bandi_web.jpg","contentUrl":"https:\/\/musapekka.fi\/wp-content\/uploads\/2023\/01\/bandi_web.jpg","width":1000,"height":667,"caption":"Treenitilat b\u00e4ndeille Joensuussa \u2013 Musa-Pekan soittohuone"},{"@type":"BreadcrumbList","@id":"https:\/\/musapekka.fi\/?page_id=12973#breadcrumb","itemListElement":[{"@type":"ListItem","position":1,"name":"Etusivu","item":"https:\/\/musapekka.fi\/"},{"@type":"ListItem","position":2,"name":"Petri Havukainen"}]},{"@type":"WebSite","@id":"https:\/\/musapekka.fi\/#website","url":"https:\/\/musapekka.fi\/","name":"Musapekka","description":"Musiikin opetusta joensuussa","publisher":{"@id":"https:\/\/musapekka.fi\/#organization"},"potentialAction":[{"@type":"SearchAction","target":{"@type":"EntryPoint","urlTemplate":"https:\/\/musapekka.fi\/?s={search_term_string}"},"query-input":{"@type":"PropertyValueSpecification","valueRequired":true,"valueName":"search_term_string"}}],"inLanguage":"fi"},{"@type":"Organization","@id":"https:\/\/musapekka.fi\/#organization","name":"Musapekka","url":"https:\/\/musapekka.fi\/","logo":{"@type":"ImageObject","inLanguage":"fi","@id":"https:\/\/musapekka.fi\/#\/schema\/logo\/image\/","url":"https:\/\/musapekka.fi\/wp-content\/uploads\/2023\/08\/cropped-LogoMusa-Pekka.png","contentUrl":"https:\/\/musapekka.fi\/wp-content\/uploads\/2023\/08\/cropped-LogoMusa-Pekka.png","width":500,"height":225,"caption":"Musapekka"},"image":{"@id":"https:\/\/musapekka.fi\/#\/schema\/logo\/image\/"}}]}},"_links":{"self":[{"href":"https:\/\/musapekka.fi\/index.php?rest_route=\/wp\/v2\/pages\/12973","targetHints":{"allow":["GET"]}}],"collection":[{"href":"https:\/\/musapekka.fi\/index.php?rest_route=\/wp\/v2\/pages"}],"about":[{"href":"https:\/\/musapekka.fi\/index.php?rest_route=\/wp\/v2\/types\/page"}],"author":[{"embeddable":true,"href":"https:\/\/musapekka.fi\/index.php?rest_route=\/wp\/v2\/users\/1"}],"replies":[{"embeddable":true,"href":"https:\/\/musapekka.fi\/index.php?rest_route=%2Fwp%2Fv2%2Fcomments&post=12973"}],"version-history":[{"count":1,"href":"https:\/\/musapekka.fi\/index.php?rest_route=\/wp\/v2\/pages\/12973\/revisions"}],"predecessor-version":[{"id":12974,"href":"https:\/\/musapekka.fi\/index.php?rest_route=\/wp\/v2\/pages\/12973\/revisions\/12974"}],"wp:attachment":[{"href":"https:\/\/musapekka.fi\/index.php?rest_route=%2Fwp%2Fv2%2Fmedia&parent=12973"}],"curies":[{"name":"wp","href":"https:\/\/api.w.org\/{rel}","templated":true}]}}