{"id":12970,"date":"2023-05-21T15:14:56","date_gmt":"2023-05-21T15:14:56","guid":{"rendered":"https:\/\/musapekka.fi\/?page_id=12970"},"modified":"2023-05-21T15:14:56","modified_gmt":"2023-05-21T15:14:56","slug":"eetu-pesonen","status":"publish","type":"page","link":"https:\/\/musapekka.fi\/?page_id=12970","title":{"rendered":"Eetu Pesonen"},"content":{"rendered":"\n<figure class=\"wp-block-image size-full\"><img fetchpriority=\"high\" decoding=\"async\" width=\"1000\" height=\"690\" src=\"https:\/\/musapekka.fi\/wp-content\/uploads\/2023\/01\/kitara_web.jpg\" alt=\"\" class=\"wp-image-12910\" srcset=\"https:\/\/musapekka.fi\/wp-content\/uploads\/2023\/01\/kitara_web.jpg 1000w, https:\/\/musapekka.fi\/wp-content\/uploads\/2023\/01\/kitara_web-600x414.jpg 600w, https:\/\/musapekka.fi\/wp-content\/uploads\/2023\/01\/kitara_web-300x207.jpg 300w, https:\/\/musapekka.fi\/wp-content\/uploads\/2023\/01\/kitara_web-768x530.jpg 768w, https:\/\/musapekka.fi\/wp-content\/uploads\/2023\/01\/kitara_web-640x442.jpg 640w\" sizes=\"(max-width: 1000px) 100vw, 1000px\" \/><\/figure>\n\n\n\n<p class=\"has-text-align-center\">&#8221; Moi! Olen kitaraope Eetu Pesonen ja p\u00e4\u00e4instrumenttini on pop\/jazz-s\u00e4hk\u00f6kitara. Tietotaitoa l\u00f6ytyy my\u00f6s akustisen kitaran puolelta ja monipuolisesti eri tyylilajeista aina klassisesta musiikista popin ja jazzin kautta raskaaseen rockiin. Kitaraa olen soittanut kohta parikymment\u00e4 vuotta, ja musiikki on el\u00e4m\u00e4ss\u00e4ni l\u00e4sn\u00e4 niin oman treenin, opettamisen, b\u00e4ndikuvioiden kuin s\u00e4velt\u00e4misenkin muodossa. Musa-Pekalla olen opettanut jo muutaman vuoden ajan, ja musiikkipedagokiksi valmistuin Karelia ammattikorkeakoulusta kes\u00e4ll\u00e4 2020.<\/p>\n\n\n\n<p class=\"has-text-align-center\">Olen ihmisen\u00e4 ja samoin opettajana rauhallinen ja huumorintajuinen persoona. Opetan ja ohjaan mielell\u00e4ni kaikenik\u00e4isi\u00e4 ja -tasoisia oppilaita vasta-alkajista kehittyneempiinkin soittajiin. Opettajana pyrin l\u00e4hestym\u00e4\u00e4n oppilaita yksil\u00f6in\u00e4 ja kunkin omat toiveet ja tavoitteet huomioon ottaen. Pid\u00e4n t\u00e4rke\u00e4n\u00e4, ett\u00e4 tunnilleni on helppo tulla, ett\u00e4 itse tunneilla on rento ja mukava ilmapiiri, ja ett\u00e4 soiton ilo s\u00e4ilyy olipa kyse omaksi iloksi harrastuksena soittelemisesta tai tavoitteellisemmasta harjoittelusta.<\/p>\n\n\n\n<p class=\"has-text-align-center\">Etsitp\u00e4 sitten uutta mukavaa harrastusta tai t\u00e4ydennyst\u00e4 ja kehityst\u00e4 jo olemassa olevaan soittotaitoon, tervetuloa kitaratunneille &#8211; otetaan musiikista ja soitinten kuninkaasta ilo irti! &nbsp;&#8221;<\/p>\n","protected":false},"excerpt":{"rendered":"<p>&#8221; Moi! Olen kitaraope Eetu Pesonen ja p\u00e4\u00e4instrumenttini on pop\/jazz-s\u00e4hk\u00f6kitara. Tietotaitoa l\u00f6ytyy my\u00f6s akustisen kitaran puolelta ja monipuolisesti eri tyylilajeista aina klassisesta musiikista popin ja jazzin kautta raskaaseen rockiin. Kitaraa olen soittanut kohta parikymment\u00e4 vuotta, ja musiikki on el\u00e4m\u00e4ss\u00e4ni l\u00e4sn\u00e4 niin oman treenin, opettamisen,&#8230;<\/p>\n","protected":false},"author":1,"featured_media":0,"parent":0,"menu_order":0,"comment_status":"closed","ping_status":"closed","template":"","meta":{"footnotes":""},"class_list":["post-12970","page","type-page","status-publish","hentry"],"yoast_head":"<!-- This site is optimized with the Yoast SEO plugin v25.9 - https:\/\/yoast.com\/wordpress\/plugins\/seo\/ -->\n<title>Eetu Pesonen - Musapekka<\/title>\n<meta name=\"robots\" content=\"index, follow, max-snippet:-1, max-image-preview:large, max-video-preview:-1\" \/>\n<link rel=\"canonical\" href=\"https:\/\/musapekka.fi\/?page_id=12970\" \/>\n<meta property=\"og:locale\" content=\"fi_FI\" \/>\n<meta property=\"og:type\" content=\"article\" \/>\n<meta property=\"og:title\" content=\"Eetu Pesonen - Musapekka\" \/>\n<meta property=\"og:description\" content=\"&#8221; Moi! Olen kitaraope Eetu Pesonen ja p\u00e4\u00e4instrumenttini on pop\/jazz-s\u00e4hk\u00f6kitara. Tietotaitoa l\u00f6ytyy my\u00f6s akustisen kitaran puolelta ja monipuolisesti eri tyylilajeista aina klassisesta musiikista popin ja jazzin kautta raskaaseen rockiin. Kitaraa olen soittanut kohta parikymment\u00e4 vuotta, ja musiikki on el\u00e4m\u00e4ss\u00e4ni l\u00e4sn\u00e4 niin oman treenin, opettamisen,...\" \/>\n<meta property=\"og:url\" content=\"https:\/\/musapekka.fi\/?page_id=12970\" \/>\n<meta property=\"og:site_name\" content=\"Musapekka\" \/>\n<meta property=\"og:image\" content=\"https:\/\/musapekka.fi\/wp-content\/uploads\/2023\/01\/kitara_web.jpg\" \/>\n<meta name=\"twitter:card\" content=\"summary_large_image\" \/>\n<meta name=\"twitter:label1\" content=\"Arvioitu lukuaika\" \/>\n\t<meta name=\"twitter:data1\" content=\"1 minuutti\" \/>\n<script type=\"application\/ld+json\" class=\"yoast-schema-graph\">{\"@context\":\"https:\/\/schema.org\",\"@graph\":[{\"@type\":\"WebPage\",\"@id\":\"https:\/\/musapekka.fi\/?page_id=12970\",\"url\":\"https:\/\/musapekka.fi\/?page_id=12970\",\"name\":\"Eetu Pesonen - Musapekka\",\"isPartOf\":{\"@id\":\"https:\/\/musapekka.fi\/#website\"},\"primaryImageOfPage\":{\"@id\":\"https:\/\/musapekka.fi\/?page_id=12970#primaryimage\"},\"image\":{\"@id\":\"https:\/\/musapekka.fi\/?page_id=12970#primaryimage\"},\"thumbnailUrl\":\"https:\/\/musapekka.fi\/wp-content\/uploads\/2023\/01\/kitara_web.jpg\",\"datePublished\":\"2023-05-21T15:14:56+00:00\",\"breadcrumb\":{\"@id\":\"https:\/\/musapekka.fi\/?page_id=12970#breadcrumb\"},\"inLanguage\":\"fi\",\"potentialAction\":[{\"@type\":\"ReadAction\",\"target\":[\"https:\/\/musapekka.fi\/?page_id=12970\"]}]},{\"@type\":\"ImageObject\",\"inLanguage\":\"fi\",\"@id\":\"https:\/\/musapekka.fi\/?page_id=12970#primaryimage\",\"url\":\"https:\/\/musapekka.fi\/wp-content\/uploads\/2023\/01\/kitara_web.jpg\",\"contentUrl\":\"https:\/\/musapekka.fi\/wp-content\/uploads\/2023\/01\/kitara_web.jpg\",\"width\":1000,\"height\":690,\"caption\":\"Kitaraopetus Joensuussa \u2013 MusaPekan musiikkikoulu\"},{\"@type\":\"BreadcrumbList\",\"@id\":\"https:\/\/musapekka.fi\/?page_id=12970#breadcrumb\",\"itemListElement\":[{\"@type\":\"ListItem\",\"position\":1,\"name\":\"Etusivu\",\"item\":\"https:\/\/musapekka.fi\/\"},{\"@type\":\"ListItem\",\"position\":2,\"name\":\"Eetu Pesonen\"}]},{\"@type\":\"WebSite\",\"@id\":\"https:\/\/musapekka.fi\/#website\",\"url\":\"https:\/\/musapekka.fi\/\",\"name\":\"Musapekka\",\"description\":\"Musiikin opetusta joensuussa\",\"publisher\":{\"@id\":\"https:\/\/musapekka.fi\/#organization\"},\"potentialAction\":[{\"@type\":\"SearchAction\",\"target\":{\"@type\":\"EntryPoint\",\"urlTemplate\":\"https:\/\/musapekka.fi\/?s={search_term_string}\"},\"query-input\":{\"@type\":\"PropertyValueSpecification\",\"valueRequired\":true,\"valueName\":\"search_term_string\"}}],\"inLanguage\":\"fi\"},{\"@type\":\"Organization\",\"@id\":\"https:\/\/musapekka.fi\/#organization\",\"name\":\"Musapekka\",\"url\":\"https:\/\/musapekka.fi\/\",\"logo\":{\"@type\":\"ImageObject\",\"inLanguage\":\"fi\",\"@id\":\"https:\/\/musapekka.fi\/#\/schema\/logo\/image\/\",\"url\":\"https:\/\/musapekka.fi\/wp-content\/uploads\/2023\/08\/cropped-LogoMusa-Pekka.png\",\"contentUrl\":\"https:\/\/musapekka.fi\/wp-content\/uploads\/2023\/08\/cropped-LogoMusa-Pekka.png\",\"width\":500,\"height\":225,\"caption\":\"Musapekka\"},\"image\":{\"@id\":\"https:\/\/musapekka.fi\/#\/schema\/logo\/image\/\"}}]}<\/script>\n<!-- \/ Yoast SEO plugin. -->","yoast_head_json":{"title":"Eetu Pesonen - Musapekka","robots":{"index":"index","follow":"follow","max-snippet":"max-snippet:-1","max-image-preview":"max-image-preview:large","max-video-preview":"max-video-preview:-1"},"canonical":"https:\/\/musapekka.fi\/?page_id=12970","og_locale":"fi_FI","og_type":"article","og_title":"Eetu Pesonen - Musapekka","og_description":"&#8221; Moi! Olen kitaraope Eetu Pesonen ja p\u00e4\u00e4instrumenttini on pop\/jazz-s\u00e4hk\u00f6kitara. Tietotaitoa l\u00f6ytyy my\u00f6s akustisen kitaran puolelta ja monipuolisesti eri tyylilajeista aina klassisesta musiikista popin ja jazzin kautta raskaaseen rockiin. Kitaraa olen soittanut kohta parikymment\u00e4 vuotta, ja musiikki on el\u00e4m\u00e4ss\u00e4ni l\u00e4sn\u00e4 niin oman treenin, opettamisen,...","og_url":"https:\/\/musapekka.fi\/?page_id=12970","og_site_name":"Musapekka","og_image":[{"url":"https:\/\/musapekka.fi\/wp-content\/uploads\/2023\/01\/kitara_web.jpg","type":"","width":"","height":""}],"twitter_card":"summary_large_image","twitter_misc":{"Arvioitu lukuaika":"1 minuutti"},"schema":{"@context":"https:\/\/schema.org","@graph":[{"@type":"WebPage","@id":"https:\/\/musapekka.fi\/?page_id=12970","url":"https:\/\/musapekka.fi\/?page_id=12970","name":"Eetu Pesonen - Musapekka","isPartOf":{"@id":"https:\/\/musapekka.fi\/#website"},"primaryImageOfPage":{"@id":"https:\/\/musapekka.fi\/?page_id=12970#primaryimage"},"image":{"@id":"https:\/\/musapekka.fi\/?page_id=12970#primaryimage"},"thumbnailUrl":"https:\/\/musapekka.fi\/wp-content\/uploads\/2023\/01\/kitara_web.jpg","datePublished":"2023-05-21T15:14:56+00:00","breadcrumb":{"@id":"https:\/\/musapekka.fi\/?page_id=12970#breadcrumb"},"inLanguage":"fi","potentialAction":[{"@type":"ReadAction","target":["https:\/\/musapekka.fi\/?page_id=12970"]}]},{"@type":"ImageObject","inLanguage":"fi","@id":"https:\/\/musapekka.fi\/?page_id=12970#primaryimage","url":"https:\/\/musapekka.fi\/wp-content\/uploads\/2023\/01\/kitara_web.jpg","contentUrl":"https:\/\/musapekka.fi\/wp-content\/uploads\/2023\/01\/kitara_web.jpg","width":1000,"height":690,"caption":"Kitaraopetus Joensuussa \u2013 MusaPekan musiikkikoulu"},{"@type":"BreadcrumbList","@id":"https:\/\/musapekka.fi\/?page_id=12970#breadcrumb","itemListElement":[{"@type":"ListItem","position":1,"name":"Etusivu","item":"https:\/\/musapekka.fi\/"},{"@type":"ListItem","position":2,"name":"Eetu Pesonen"}]},{"@type":"WebSite","@id":"https:\/\/musapekka.fi\/#website","url":"https:\/\/musapekka.fi\/","name":"Musapekka","description":"Musiikin opetusta joensuussa","publisher":{"@id":"https:\/\/musapekka.fi\/#organization"},"potentialAction":[{"@type":"SearchAction","target":{"@type":"EntryPoint","urlTemplate":"https:\/\/musapekka.fi\/?s={search_term_string}"},"query-input":{"@type":"PropertyValueSpecification","valueRequired":true,"valueName":"search_term_string"}}],"inLanguage":"fi"},{"@type":"Organization","@id":"https:\/\/musapekka.fi\/#organization","name":"Musapekka","url":"https:\/\/musapekka.fi\/","logo":{"@type":"ImageObject","inLanguage":"fi","@id":"https:\/\/musapekka.fi\/#\/schema\/logo\/image\/","url":"https:\/\/musapekka.fi\/wp-content\/uploads\/2023\/08\/cropped-LogoMusa-Pekka.png","contentUrl":"https:\/\/musapekka.fi\/wp-content\/uploads\/2023\/08\/cropped-LogoMusa-Pekka.png","width":500,"height":225,"caption":"Musapekka"},"image":{"@id":"https:\/\/musapekka.fi\/#\/schema\/logo\/image\/"}}]}},"_links":{"self":[{"href":"https:\/\/musapekka.fi\/index.php?rest_route=\/wp\/v2\/pages\/12970","targetHints":{"allow":["GET"]}}],"collection":[{"href":"https:\/\/musapekka.fi\/index.php?rest_route=\/wp\/v2\/pages"}],"about":[{"href":"https:\/\/musapekka.fi\/index.php?rest_route=\/wp\/v2\/types\/page"}],"author":[{"embeddable":true,"href":"https:\/\/musapekka.fi\/index.php?rest_route=\/wp\/v2\/users\/1"}],"replies":[{"embeddable":true,"href":"https:\/\/musapekka.fi\/index.php?rest_route=%2Fwp%2Fv2%2Fcomments&post=12970"}],"version-history":[{"count":2,"href":"https:\/\/musapekka.fi\/index.php?rest_route=\/wp\/v2\/pages\/12970\/revisions"}],"predecessor-version":[{"id":12972,"href":"https:\/\/musapekka.fi\/index.php?rest_route=\/wp\/v2\/pages\/12970\/revisions\/12972"}],"wp:attachment":[{"href":"https:\/\/musapekka.fi\/index.php?rest_route=%2Fwp%2Fv2%2Fmedia&parent=12970"}],"curies":[{"name":"wp","href":"https:\/\/api.w.org\/{rel}","templated":true}]}}