{"id":1039,"date":"2016-05-21T20:15:30","date_gmt":"2016-05-21T18:15:30","guid":{"rendered":"http:\/\/www.musapekka.fi\/?page_id=1039"},"modified":"2016-05-21T20:15:30","modified_gmt":"2016-05-21T18:15:30","slug":"musiikkileikkikoulu-muskari-muskis","status":"publish","type":"page","link":"https:\/\/musapekka.fi\/?page_id=1039","title":{"rendered":"Musiikkileikkikoulu Muskari"},"content":{"rendered":"\n<div class=\"wp-block-image\"><figure class=\"aligncenter size-large\"><img decoding=\"async\" src=\"https:\/\/www.musapekka.fi\/wp-content\/uploads\/2021\/06\/Muskari_web.jpg\" alt=\"\" class=\"wp-image-12615\"\/><\/figure><\/div>\n\n\n\n<p><strong>VIULUMUSKARI 3-5- vuotiaille<\/strong><\/p>\n\n\n\n<p>Lauantaisin klo 13.15-14.00<\/p>\n\n\n\n<p>Ryhm\u00e4koko 3-5<\/p>\n\n\n\n<p>45min\/vko, kausi 12 kertaa<\/p>\n\n\n\n<p>Viulumuskarissa her\u00e4tell\u00e4\u00e4n musiikinrakkautta ja tutustutaan musiikin maailmaan ja viulunsoittoon leikinomaisesti. Muskarissa saa musiikillisia el\u00e4myksi\u00e4, valmiuksia ja taitoja. Toimitaan monipuolisesti taiteen parissa; lauletaan, lorutellaan, soitetaan viulua ja rytmisoittimia, musiikkiliikutaan, kuunnellaan musiikkia, v\u00e4ritet\u00e4\u00e4n, piirret\u00e4\u00e4n ja tehd\u00e4\u00e4n muuta mukavaa taidepuuhaa.<\/p>\n\n\n\n<p>Aluksi on saatavissa puiset soittoasennon harjoitteluun sopivat viulut, joissa ei ole viel\u00e4 kieli\u00e4. Alun j\u00e4lkeen on hyv\u00e4 hankkia lainaan tai omaksi oikea viulu. Lainasoitinten ja omien soitinten hankkimisessa autetaan.<\/p>\n\n\n\n<p>Hinta: 107 \u20ac\/12 kokoontumisen paketti.<\/p>\n\n\n\n<p><strong>Opettajana toimii Liisa Karhu.&nbsp;<\/strong><\/p>\n\n\n\n<p><a href=\"https:\/\/www.musapekka.fi\/ilmoittaudu\/?customize_changeset_uuid=fadb01fb-2bb1-4227-a77d-15a47530402d&amp;customize_messenger_channel=preview-0\">Ilmoittaudu t\u00e4st\u00e4!<\/a><\/p>\n\n\n\n<p><strong>MONITAIDEMUSKARI 4-6 -Vuotiaille<\/strong><\/p>\n\n\n\n<p>Lauantaisin klo 14.00-14.45<\/p>\n\n\n\n<p>Ryhm\u00e4koko 4-6<\/p>\n\n\n\n<p>45min\/vko, kausi 12 kertaa<\/p>\n\n\n\n<p>Monitaidemuskarissa her\u00e4tell\u00e4\u00e4n musiikinrakkautta ja tutustutaan taiteen maailmaan&nbsp;&nbsp;leikinomaisesti. Muskarissa saa taiteellisia el\u00e4myksi\u00e4, valmiuksia ja taitoja. Toimitaan monipuolisesti taiteen parissa; lauletaan, lorutellaan, soitetaan rytmisoittimia, musiikkiliikutaan, kuunnellaan musiikkia, musiikkirentoudutaan, v\u00e4ritet\u00e4\u00e4n, piirret\u00e4\u00e4n, maalataan, laulu- ja lorupiirret\u00e4\u00e4n, askarrellaan ja tehd\u00e4\u00e4n muuta mukavaa taidepuuhaa.<\/p>\n\n\n\n<p>Muskari-Muskiksessa otetaan jokainen lapsi yksil\u00f6n\u00e4 huomioon ja opetellaan ryhm\u00e4ty\u00f6skentely\u00e4. Samalla l\u00e4hestyt\u00e4\u00e4n musiikkia ja&nbsp;teoriaa leikkien, laulujen ja rytmien avulla. Muskarissa my\u00f6s tutustutaan soittimiin ja viritell\u00e4\u00e4n niihin mielenkiintoa tulevaa&nbsp;musiikkiharrastusta silm\u00e4ll\u00e4 pit\u00e4en.<\/p>\n\n\n\n<p>Hinta: 107 \u20ac\/12 kokoontumisen paketti.<\/p>\n\n\n\n<p><strong>Opettajana toimii Liisa Karhu.&nbsp;<\/strong><\/p>\n\n\n\n<p><a href=\"https:\/\/www.musapekka.fi\/ilmoittaudu\/?customize_changeset_uuid=fadb01fb-2bb1-4227-a77d-15a47530402d&amp;customize_messenger_channel=preview-0\">Ilmoittaudu t\u00e4st\u00e4!<\/a><\/p>\n\n\n\n<p><strong>MONITAIDEMUSKARI 0-3v (lapsi+ aikuinen mukana)<\/strong><\/p>\n\n\n\n<p>Lauantaisin klo 14.45-15.30<\/p>\n\n\n\n<p>Ryhm\u00e4koko 4-6<\/p>\n\n\n\n<p>45min\/vko, kausi 12 kertaa<\/p>\n\n\n\n<p>Monitaidemuskarissa her\u00e4tell\u00e4\u00e4n musiikinrakkautta ja tutustutaan taiteen maailmaan&nbsp;&nbsp;leikinomaisesti. Muskarissa saa taiteellisia el\u00e4myksi\u00e4, valmiuksia ja taitoja. Toimitaan monipuolisesti taiteen parissa; lauletaan, lorutellaan, soitetaan rytmisoittimia, musiikkiliikutaan, kuunnellaan musiikkia, musiikkirentoudutaan, v\u00e4ritet\u00e4\u00e4n, piirret\u00e4\u00e4n, maalataan, laulu- ja lorupiirret\u00e4\u00e4n, askarrellaan ja tehd\u00e4\u00e4n muuta mukavaa taidepuuhaa.<\/p>\n\n\n\n<p>Hinta: 107 \u20ac\/12 kokoontumisen paketti.<\/p>\n\n\n\n<p><strong>Opettajana toimii Liisa Karhu.<\/strong><\/p>\n\n\n\n<p><a href=\"https:\/\/www.musapekka.fi\/ilmoittaudu\/?customize_changeset_uuid=fadb01fb-2bb1-4227-a77d-15a47530402d&amp;customize_messenger_channel=preview-0\">Ilmoittaudu t\u00e4st\u00e4!<\/a><\/p>\n","protected":false},"excerpt":{"rendered":"<p>VIULUMUSKARI 3-5- vuotiaille Lauantaisin klo 13.15-14.00 Ryhm\u00e4koko 3-5 45min\/vko, kausi 12 kertaa Viulumuskarissa her\u00e4tell\u00e4\u00e4n musiikinrakkautta ja tutustutaan musiikin maailmaan ja viulunsoittoon leikinomaisesti. Muskarissa saa musiikillisia el\u00e4myksi\u00e4, valmiuksia ja taitoja. Toimitaan monipuolisesti taiteen parissa; lauletaan, lorutellaan, soitetaan viulua ja rytmisoittimia, musiikkiliikutaan, kuunnellaan musiikkia, v\u00e4ritet\u00e4\u00e4n, piirret\u00e4\u00e4n&#8230;<\/p>\n","protected":false},"author":1,"featured_media":0,"parent":0,"menu_order":0,"comment_status":"closed","ping_status":"closed","template":"template-full.php","meta":{"footnotes":""},"class_list":["post-1039","page","type-page","status-publish","hentry"],"yoast_head":"<!-- This site is optimized with the Yoast SEO plugin v25.9 - https:\/\/yoast.com\/wordpress\/plugins\/seo\/ -->\n<title>Musiikkileikkikoulu Muskari - Musapekka<\/title>\n<meta name=\"robots\" content=\"index, follow, max-snippet:-1, max-image-preview:large, max-video-preview:-1\" \/>\n<link rel=\"canonical\" href=\"https:\/\/musapekka.fi\/?page_id=1039\" \/>\n<meta property=\"og:locale\" content=\"fi_FI\" \/>\n<meta property=\"og:type\" content=\"article\" \/>\n<meta property=\"og:title\" content=\"Musiikkileikkikoulu Muskari - Musapekka\" \/>\n<meta property=\"og:description\" content=\"VIULUMUSKARI 3-5- vuotiaille Lauantaisin klo 13.15-14.00 Ryhm\u00e4koko 3-5 45min\/vko, kausi 12 kertaa Viulumuskarissa her\u00e4tell\u00e4\u00e4n musiikinrakkautta ja tutustutaan musiikin maailmaan ja viulunsoittoon leikinomaisesti. Muskarissa saa musiikillisia el\u00e4myksi\u00e4, valmiuksia ja taitoja. Toimitaan monipuolisesti taiteen parissa; lauletaan, lorutellaan, soitetaan viulua ja rytmisoittimia, musiikkiliikutaan, kuunnellaan musiikkia, v\u00e4ritet\u00e4\u00e4n, piirret\u00e4\u00e4n...\" \/>\n<meta property=\"og:url\" content=\"https:\/\/musapekka.fi\/?page_id=1039\" \/>\n<meta property=\"og:site_name\" content=\"Musapekka\" \/>\n<meta property=\"og:image\" content=\"https:\/\/www.musapekka.fi\/wp-content\/uploads\/2021\/06\/Muskari_web.jpg\" \/>\n<meta name=\"twitter:card\" content=\"summary_large_image\" \/>\n<meta name=\"twitter:label1\" content=\"Arvioitu lukuaika\" \/>\n\t<meta name=\"twitter:data1\" content=\"2 minuuttia\" \/>\n<script type=\"application\/ld+json\" class=\"yoast-schema-graph\">{\"@context\":\"https:\/\/schema.org\",\"@graph\":[{\"@type\":\"WebPage\",\"@id\":\"https:\/\/musapekka.fi\/?page_id=1039\",\"url\":\"https:\/\/musapekka.fi\/?page_id=1039\",\"name\":\"Musiikkileikkikoulu Muskari - Musapekka\",\"isPartOf\":{\"@id\":\"https:\/\/musapekka.fi\/#website\"},\"primaryImageOfPage\":{\"@id\":\"https:\/\/musapekka.fi\/?page_id=1039#primaryimage\"},\"image\":{\"@id\":\"https:\/\/musapekka.fi\/?page_id=1039#primaryimage\"},\"thumbnailUrl\":\"https:\/\/www.musapekka.fi\/wp-content\/uploads\/2021\/06\/Muskari_web.jpg\",\"datePublished\":\"2016-05-21T18:15:30+00:00\",\"breadcrumb\":{\"@id\":\"https:\/\/musapekka.fi\/?page_id=1039#breadcrumb\"},\"inLanguage\":\"fi\",\"potentialAction\":[{\"@type\":\"ReadAction\",\"target\":[\"https:\/\/musapekka.fi\/?page_id=1039\"]}]},{\"@type\":\"ImageObject\",\"inLanguage\":\"fi\",\"@id\":\"https:\/\/musapekka.fi\/?page_id=1039#primaryimage\",\"url\":\"https:\/\/www.musapekka.fi\/wp-content\/uploads\/2021\/06\/Muskari_web.jpg\",\"contentUrl\":\"https:\/\/www.musapekka.fi\/wp-content\/uploads\/2021\/06\/Muskari_web.jpg\"},{\"@type\":\"BreadcrumbList\",\"@id\":\"https:\/\/musapekka.fi\/?page_id=1039#breadcrumb\",\"itemListElement\":[{\"@type\":\"ListItem\",\"position\":1,\"name\":\"Etusivu\",\"item\":\"https:\/\/musapekka.fi\/\"},{\"@type\":\"ListItem\",\"position\":2,\"name\":\"Musiikkileikkikoulu Muskari\"}]},{\"@type\":\"WebSite\",\"@id\":\"https:\/\/musapekka.fi\/#website\",\"url\":\"https:\/\/musapekka.fi\/\",\"name\":\"Musapekka\",\"description\":\"Musiikin opetusta joensuussa\",\"publisher\":{\"@id\":\"https:\/\/musapekka.fi\/#organization\"},\"potentialAction\":[{\"@type\":\"SearchAction\",\"target\":{\"@type\":\"EntryPoint\",\"urlTemplate\":\"https:\/\/musapekka.fi\/?s={search_term_string}\"},\"query-input\":{\"@type\":\"PropertyValueSpecification\",\"valueRequired\":true,\"valueName\":\"search_term_string\"}}],\"inLanguage\":\"fi\"},{\"@type\":\"Organization\",\"@id\":\"https:\/\/musapekka.fi\/#organization\",\"name\":\"Musapekka\",\"url\":\"https:\/\/musapekka.fi\/\",\"logo\":{\"@type\":\"ImageObject\",\"inLanguage\":\"fi\",\"@id\":\"https:\/\/musapekka.fi\/#\/schema\/logo\/image\/\",\"url\":\"https:\/\/musapekka.fi\/wp-content\/uploads\/2023\/08\/cropped-LogoMusa-Pekka.png\",\"contentUrl\":\"https:\/\/musapekka.fi\/wp-content\/uploads\/2023\/08\/cropped-LogoMusa-Pekka.png\",\"width\":500,\"height\":225,\"caption\":\"Musapekka\"},\"image\":{\"@id\":\"https:\/\/musapekka.fi\/#\/schema\/logo\/image\/\"}}]}<\/script>\n<!-- \/ Yoast SEO plugin. -->","yoast_head_json":{"title":"Musiikkileikkikoulu Muskari - Musapekka","robots":{"index":"index","follow":"follow","max-snippet":"max-snippet:-1","max-image-preview":"max-image-preview:large","max-video-preview":"max-video-preview:-1"},"canonical":"https:\/\/musapekka.fi\/?page_id=1039","og_locale":"fi_FI","og_type":"article","og_title":"Musiikkileikkikoulu Muskari - Musapekka","og_description":"VIULUMUSKARI 3-5- vuotiaille Lauantaisin klo 13.15-14.00 Ryhm\u00e4koko 3-5 45min\/vko, kausi 12 kertaa Viulumuskarissa her\u00e4tell\u00e4\u00e4n musiikinrakkautta ja tutustutaan musiikin maailmaan ja viulunsoittoon leikinomaisesti. Muskarissa saa musiikillisia el\u00e4myksi\u00e4, valmiuksia ja taitoja. Toimitaan monipuolisesti taiteen parissa; lauletaan, lorutellaan, soitetaan viulua ja rytmisoittimia, musiikkiliikutaan, kuunnellaan musiikkia, v\u00e4ritet\u00e4\u00e4n, piirret\u00e4\u00e4n...","og_url":"https:\/\/musapekka.fi\/?page_id=1039","og_site_name":"Musapekka","og_image":[{"url":"https:\/\/www.musapekka.fi\/wp-content\/uploads\/2021\/06\/Muskari_web.jpg","type":"","width":"","height":""}],"twitter_card":"summary_large_image","twitter_misc":{"Arvioitu lukuaika":"2 minuuttia"},"schema":{"@context":"https:\/\/schema.org","@graph":[{"@type":"WebPage","@id":"https:\/\/musapekka.fi\/?page_id=1039","url":"https:\/\/musapekka.fi\/?page_id=1039","name":"Musiikkileikkikoulu Muskari - Musapekka","isPartOf":{"@id":"https:\/\/musapekka.fi\/#website"},"primaryImageOfPage":{"@id":"https:\/\/musapekka.fi\/?page_id=1039#primaryimage"},"image":{"@id":"https:\/\/musapekka.fi\/?page_id=1039#primaryimage"},"thumbnailUrl":"https:\/\/www.musapekka.fi\/wp-content\/uploads\/2021\/06\/Muskari_web.jpg","datePublished":"2016-05-21T18:15:30+00:00","breadcrumb":{"@id":"https:\/\/musapekka.fi\/?page_id=1039#breadcrumb"},"inLanguage":"fi","potentialAction":[{"@type":"ReadAction","target":["https:\/\/musapekka.fi\/?page_id=1039"]}]},{"@type":"ImageObject","inLanguage":"fi","@id":"https:\/\/musapekka.fi\/?page_id=1039#primaryimage","url":"https:\/\/www.musapekka.fi\/wp-content\/uploads\/2021\/06\/Muskari_web.jpg","contentUrl":"https:\/\/www.musapekka.fi\/wp-content\/uploads\/2021\/06\/Muskari_web.jpg"},{"@type":"BreadcrumbList","@id":"https:\/\/musapekka.fi\/?page_id=1039#breadcrumb","itemListElement":[{"@type":"ListItem","position":1,"name":"Etusivu","item":"https:\/\/musapekka.fi\/"},{"@type":"ListItem","position":2,"name":"Musiikkileikkikoulu Muskari"}]},{"@type":"WebSite","@id":"https:\/\/musapekka.fi\/#website","url":"https:\/\/musapekka.fi\/","name":"Musapekka","description":"Musiikin opetusta joensuussa","publisher":{"@id":"https:\/\/musapekka.fi\/#organization"},"potentialAction":[{"@type":"SearchAction","target":{"@type":"EntryPoint","urlTemplate":"https:\/\/musapekka.fi\/?s={search_term_string}"},"query-input":{"@type":"PropertyValueSpecification","valueRequired":true,"valueName":"search_term_string"}}],"inLanguage":"fi"},{"@type":"Organization","@id":"https:\/\/musapekka.fi\/#organization","name":"Musapekka","url":"https:\/\/musapekka.fi\/","logo":{"@type":"ImageObject","inLanguage":"fi","@id":"https:\/\/musapekka.fi\/#\/schema\/logo\/image\/","url":"https:\/\/musapekka.fi\/wp-content\/uploads\/2023\/08\/cropped-LogoMusa-Pekka.png","contentUrl":"https:\/\/musapekka.fi\/wp-content\/uploads\/2023\/08\/cropped-LogoMusa-Pekka.png","width":500,"height":225,"caption":"Musapekka"},"image":{"@id":"https:\/\/musapekka.fi\/#\/schema\/logo\/image\/"}}]}},"_links":{"self":[{"href":"https:\/\/musapekka.fi\/index.php?rest_route=\/wp\/v2\/pages\/1039","targetHints":{"allow":["GET"]}}],"collection":[{"href":"https:\/\/musapekka.fi\/index.php?rest_route=\/wp\/v2\/pages"}],"about":[{"href":"https:\/\/musapekka.fi\/index.php?rest_route=\/wp\/v2\/types\/page"}],"author":[{"embeddable":true,"href":"https:\/\/musapekka.fi\/index.php?rest_route=\/wp\/v2\/users\/1"}],"replies":[{"embeddable":true,"href":"https:\/\/musapekka.fi\/index.php?rest_route=%2Fwp%2Fv2%2Fcomments&post=1039"}],"version-history":[{"count":0,"href":"https:\/\/musapekka.fi\/index.php?rest_route=\/wp\/v2\/pages\/1039\/revisions"}],"wp:attachment":[{"href":"https:\/\/musapekka.fi\/index.php?rest_route=%2Fwp%2Fv2%2Fmedia&parent=1039"}],"curies":[{"name":"wp","href":"https:\/\/api.w.org\/{rel}","templated":true}]}}